{"id":5033,"date":"2023-07-07T15:09:21","date_gmt":"2023-07-07T15:09:21","guid":{"rendered":"https:\/\/www.alpha-passoni.de\/?page_id=5033"},"modified":"2024-04-24T13:47:45","modified_gmt":"2024-04-24T13:47:45","slug":"produkte","status":"publish","type":"page","link":"https:\/\/www.alpha-passoni.de\/de\/produkte\/","title":{"rendered":"Produkte"},"content":{"rendered":"\t\t<div data-elementor-type=\"wp-page\" data-elementor-id=\"5033\" class=\"elementor elementor-5033\" data-elementor-post-type=\"page\">\n\t\t\t\t\t\t<section class=\"elementor-section elementor-top-section elementor-element elementor-element-6d2115f ot-traditional elementor-section-boxed elementor-section-height-default elementor-section-height-default\" data-id=\"6d2115f\" data-element_type=\"section\">\n\t\t\t\t\t\t<div class=\"elementor-container elementor-column-gap-default\">\n\t\t\t\t\t<div class=\"elementor-column elementor-col-100 elementor-top-column elementor-element elementor-element-92fc817 ot-flex-column-vertical\" data-id=\"92fc817\" data-element_type=\"column\">\n\t\t\t<div class=\"elementor-widget-wrap elementor-element-populated\">\n\t\t\t\t\t\t<div class=\"elementor-element elementor-element-f0fe2d9 elementor-widget elementor-widget-text-editor\" data-id=\"f0fe2d9\" data-element_type=\"widget\" data-widget_type=\"text-editor.default\">\n\t\t\t\t<div class=\"elementor-widget-container\">\n\t\t\t<style>\/*! elementor - v3.23.0 - 05-08-2024 *\/\n.elementor-widget-text-editor.elementor-drop-cap-view-stacked .elementor-drop-cap{background-color:#69727d;color:#fff}.elementor-widget-text-editor.elementor-drop-cap-view-framed .elementor-drop-cap{color:#69727d;border:3px solid;background-color:transparent}.elementor-widget-text-editor:not(.elementor-drop-cap-view-default) .elementor-drop-cap{margin-top:8px}.elementor-widget-text-editor:not(.elementor-drop-cap-view-default) .elementor-drop-cap-letter{width:1em;height:1em}.elementor-widget-text-editor .elementor-drop-cap{float:left;text-align:center;line-height:1;font-size:50px}.elementor-widget-text-editor .elementor-drop-cap-letter{display:inline-block}<\/style>\t\t\t\t<img decoding=\"async\" style=\"margin-top:-4px;\" class=\"alignnone size-full wp-image-5481\" src=\"https:\/\/www.alpha-passoni.de\/wp-content\/uploads\/2023\/08\/icon_no_border.png\" alt=\"\" width=\"20\" height=\"20\" \/> Produkte\t\t\t\t\t\t<\/div>\n\t\t\t\t<\/div>\n\t\t\t\t<div class=\"elementor-element elementor-element-70d5bc3 elementor-widget elementor-widget-iheading\" data-id=\"70d5bc3\" data-element_type=\"widget\" data-widget_type=\"iheading.default\">\n\t\t\t\t<div class=\"elementor-widget-container\">\n\t\t\t\t\t<div class=\"ot-heading\">\r\n\t        <h2 class=\"main-heading\">Batteriegestelle & Tr\u00f6ge<\/h2>\t    <\/div>\r\n\t    \t\t<\/div>\n\t\t\t\t<\/div>\n\t\t\t\t<div class=\"elementor-element elementor-element-58fd596 elementor-widget elementor-widget-text-editor\" data-id=\"58fd596\" data-element_type=\"widget\" data-widget_type=\"text-editor.default\">\n\t\t\t\t<div class=\"elementor-widget-container\">\n\t\t\t\t\t\t\t<p>Passoni Paolo e figli S.r.l und alpha industrie-bedarfs gmbh sind Ihre Spezialisten f\u00fcr Batteriegestelle im Bereich der station\u00e4ren Anwendung.<\/p>\t\t\t\t\t\t<\/div>\n\t\t\t\t<\/div>\n\t\t\t\t\t<\/div>\n\t\t<\/div>\n\t\t\t\t\t<\/div>\n\t\t<\/section>\n\t\t\t\t<section class=\"elementor-section elementor-top-section elementor-element elementor-element-2c42cf5e ot-traditional elementor-section-boxed elementor-section-height-default elementor-section-height-default\" data-id=\"2c42cf5e\" data-element_type=\"section\">\n\t\t\t\t\t\t<div class=\"elementor-container elementor-column-gap-default\">\n\t\t\t\t\t<div class=\"elementor-column elementor-col-100 elementor-top-column elementor-element elementor-element-6141af0c ot-flex-column-vertical\" data-id=\"6141af0c\" data-element_type=\"column\">\n\t\t\t<div class=\"elementor-widget-wrap elementor-element-populated\">\n\t\t\t\t\t\t<section class=\"elementor-section elementor-inner-section elementor-element elementor-element-49fa7377 elementor-section-full_width ot-traditional elementor-section-height-default elementor-section-height-default\" data-id=\"49fa7377\" data-element_type=\"section\">\n\t\t\t\t\t\t<div class=\"elementor-container elementor-column-gap-extended\">\n\t\t\t\t\t<div class=\"elementor-column elementor-col-33 elementor-inner-column elementor-element elementor-element-45aea157 ot-flex-column-vertical\" data-id=\"45aea157\" data-element_type=\"column\">\n\t\t\t<div class=\"elementor-widget-wrap elementor-element-populated\">\n\t\t\t\t\t\t<div class=\"elementor-element elementor-element-79e89ebd elementor-widget elementor-widget-iserv_box\" data-id=\"79e89ebd\" data-element_type=\"widget\" data-widget_type=\"iserv_box.default\">\n\t\t\t\t<div class=\"elementor-widget-container\">\n\t\t\t\r\n\t\t<div class=\"serv-box s1 elementor-animation-\">\r\n\t\t\t<a href=\"https:\/\/www.alpha-passoni.de\/standardgestelle\/\" class=\"overlay\"><\/a>\t\t\t<div class=\"icon-main\">\r\n\t\t        \t\t\t    \t\t        <span class=\"flaticon-tablet\"><\/span>\t        <\/div>\r\n\t        <div class=\"content-box\">\r\n\t            <h5>Standardgestelle<\/h5>\r\n\t            <div>Batteriegestelle zur Organisation und sicheren Aufbewahrung von Energiequellen.<br><br>\n<strong>Anwendungsbeispiele:<\/strong>\n\n<ul>\n<li class=\"active\"><a href=\"#\">Datenzentren<\/a><\/li>\n<li><a href=\"#\">\u00d6ffentliche Geb\u00e4ude<\/a><\/li>\n<li><a href=\"#\">Krankenh\u00e4user<\/a><\/li>\n<\/ul>\n<br>\n<img loading=\"lazy\" decoding=\"async\" width=\"800\" height=\"600\" src=\"\/wp-content\/uploads\/2023\/08\/SGL2-rack.jpg\" class=\"attachment-large size-large wp-image-5335\" alt=\"\" loading=\"lazy\" srcset=\"https:\/\/www.alpha-passoni.de\/wp-content\/uploads\/2023\/08\/SGL2-rack.jpg 800w, https:\/\/www.alpha-passoni.de\/wp-content\/uploads\/2023\/08\/SGL2-rack-300x225.jpg 300w, https:\/\/www.alpha-passoni.de\/wp-content\/uploads\/2023\/08\/SGL2-rack-768x576.jpg 768w, https:\/\/www.alpha-passoni.de\/wp-content\/uploads\/2023\/08\/SGL2-rack-720x540.jpg 720w\" sizes=\"(max-width: 800px) 100vw, 800px\">\n<div style=\"height:40px;\"><\/div><\/div>\t        <\/div>\r\n\t    <\/div>\r\n\r\n\t    \t\t<\/div>\n\t\t\t\t<\/div>\n\t\t\t\t\t<\/div>\n\t\t<\/div>\n\t\t\t\t<div class=\"elementor-column elementor-col-33 elementor-inner-column elementor-element elementor-element-f28ba07 ot-flex-column-vertical\" data-id=\"f28ba07\" data-element_type=\"column\">\n\t\t\t<div class=\"elementor-widget-wrap elementor-element-populated\">\n\t\t\t\t\t\t<div class=\"elementor-element elementor-element-fe74986 elementor-widget elementor-widget-iserv_box\" data-id=\"fe74986\" data-element_type=\"widget\" data-widget_type=\"iserv_box.default\">\n\t\t\t\t<div class=\"elementor-widget-container\">\n\t\t\t\r\n\t\t<div class=\"serv-box s1 elementor-animation-\">\r\n\t\t\t<a href=\"https:\/\/www.alpha-passoni.de\/sondergestelle\/\" class=\"overlay\"><\/a>\t\t\t<div class=\"icon-main\">\r\n\t\t        \t\t\t    \t\t        <span class=\"flaticon-tablet\"><\/span>\t        <\/div>\r\n\t        <div class=\"content-box\">\r\n\t            <h5> Sondergestelle<\/h5>\r\n\t            <div>Sonder-Batteriegestelle als ma\u00dfgefertigte Halterungen f\u00fcr spezielle Batterien zur effizienten und sicheren Lagerung von Energiequellen.<br><br>\n<strong>Anwendungsbeispiele:<\/strong>\n\n<ul>\n<li class=\"active\"><a href=\"#\">Kernkraftwerke<\/a><\/li>\n<li><a href=\"#\">Schiffsbauten<\/a><\/li>\n<li><a href=\"#\">Offshore-Anlagen<\/a><\/li>\n<li><a href=\"#\">Milit\u00e4rische Einrichtungen<\/a><\/li>\n<\/ul>\n<img loading=\"lazy\" decoding=\"async\" src=\"\/wp-content\/uploads\/2023\/08\/Welded-unit-VRLA.jpg\" class=\"attachment-large size-large wp-image-5336\" alt=\"\" loading=\"lazy\" srcset=\"https:\/\/www.alpha-passoni.de\/wp-content\/uploads\/2023\/08\/Welded-unit-VRLA.jpg 800w, https:\/\/www.alpha-passoni.de\/wp-content\/uploads\/2023\/08\/Welded-unit-VRLA-300x225.jpg 300w, https:\/\/www.alpha-passoni.de\/wp-content\/uploads\/2023\/08\/Welded-unit-VRLA-768x576.jpg 768w, https:\/\/www.alpha-passoni.de\/wp-content\/uploads\/2023\/08\/Welded-unit-VRLA-720x540.jpg 720w\" sizes=\"(max-width: 800px) 100vw, 800px\" width=\"800\" height=\"600\"><\/div>\t        <\/div>\r\n\t    <\/div>\r\n\r\n\t    \t\t<\/div>\n\t\t\t\t<\/div>\n\t\t\t\t\t<\/div>\n\t\t<\/div>\n\t\t\t\t<div class=\"elementor-column elementor-col-33 elementor-inner-column elementor-element elementor-element-00cb96e ot-flex-column-vertical\" data-id=\"00cb96e\" data-element_type=\"column\">\n\t\t\t<div class=\"elementor-widget-wrap elementor-element-populated\">\n\t\t\t\t\t\t<div class=\"elementor-element elementor-element-3974b53 elementor-widget elementor-widget-iserv_box\" data-id=\"3974b53\" data-element_type=\"widget\" data-widget_type=\"iserv_box.default\">\n\t\t\t\t<div class=\"elementor-widget-container\">\n\t\t\t\r\n\t\t<div class=\"serv-box s1 elementor-animation-\">\r\n\t\t\t<a href=\"https:\/\/www.alpha-passoni.de\/troege\/\" class=\"overlay\"><\/a>\t\t\t<div class=\"icon-main\">\r\n\t\t        \t\t\t    \t\t        <span class=\"flaticon-tablet\"><\/span>\t        <\/div>\r\n\t        <div class=\"content-box\">\r\n\t            <h5>Tr\u00f6ge<\/h5>\r\n\t            <div>Batterietr\u00f6ge zur Aufnahme und zum Schutz von Batterien, die in verschiedenen Gr\u00f6\u00dfen erh\u00e4ltlich sind.<br><br>\n<strong>Anwendungsbeispiele:<\/strong>\n\n<ul>\n<li class=\"active\"><a href=\"#\">F\u00f6rderzeugen<\/a><\/li>\n<li><a href=\"#\">Reinigungsmaschinen<\/a><\/li>\n<li><a href=\"#\">Hubarbeitsb\u00fchnen <\/a><\/li>\n<\/ul>\n<br><br>\n<img loading=\"lazy\" decoding=\"async\" src=\"\/wp-content\/uploads\/2023\/08\/trays.jpg\" class=\"attachment-large size-large wp-image-5337\" alt=\"\" loading=\"lazy\" srcset=\"https:\/\/www.alpha-passoni.de\/wp-content\/uploads\/2023\/08\/trays.jpg 800w, https:\/\/www.alpha-passoni.de\/wp-content\/uploads\/2023\/08\/trays-300x225.jpg 300w, https:\/\/www.alpha-passoni.de\/wp-content\/uploads\/2023\/08\/trays-768x576.jpg 768w, https:\/\/www.alpha-passoni.de\/wp-content\/uploads\/2023\/08\/trays-720x540.jpg 720w\" sizes=\"(max-width: 800px) 100vw, 800px\" width=\"800\" height=\"600\">\n<div style=\"height:10px;\"><\/div><\/div>\t        <\/div>\r\n\t    <\/div>\r\n\r\n\t    \t\t<\/div>\n\t\t\t\t<\/div>\n\t\t\t\t\t<\/div>\n\t\t<\/div>\n\t\t\t\t\t<\/div>\n\t\t<\/section>\n\t\t\t\t\t<\/div>\n\t\t<\/div>\n\t\t\t\t\t<\/div>\n\t\t<\/section>\n\t\t\t\t<section class=\"elementor-section elementor-top-section elementor-element elementor-element-4520452 ot-traditional elementor-section-boxed elementor-section-height-default elementor-section-height-default\" data-id=\"4520452\" data-element_type=\"section\" data-settings=\"{&quot;background_background&quot;:&quot;classic&quot;}\">\n\t\t\t\t\t\t\t<div class=\"elementor-background-overlay\"><\/div>\n\t\t\t\t\t\t\t<div class=\"elementor-container elementor-column-gap-extended\">\n\t\t\t\t\t<div class=\"elementor-column elementor-col-50 elementor-top-column elementor-element elementor-element-5b3bd78 ot-flex-column-vertical\" data-id=\"5b3bd78\" data-element_type=\"column\">\n\t\t\t<div class=\"elementor-widget-wrap elementor-element-populated\">\n\t\t\t\t\t\t<div class=\"elementor-element elementor-element-b15ed7a elementor-invisible elementor-widget elementor-widget-image\" data-id=\"b15ed7a\" data-element_type=\"widget\" data-settings=\"{&quot;motion_fx_motion_fx_mouse&quot;:&quot;yes&quot;,&quot;_animation&quot;:&quot;fadeInLeft&quot;}\" data-widget_type=\"image.default\">\n\t\t\t\t<div class=\"elementor-widget-container\">\n\t\t\t<style>\/*! elementor - v3.23.0 - 05-08-2024 *\/\n.elementor-widget-image{text-align:center}.elementor-widget-image a{display:inline-block}.elementor-widget-image a img[src$=\".svg\"]{width:48px}.elementor-widget-image img{vertical-align:middle;display:inline-block}<\/style>\t\t\t\t\t\t\t\t\t\t\t<a href=\"\/wp-content\/uploads\/2023\/09\/CatalogueAlphaPassoni2018_English.pdf\" target=\"_blank\">\n\t\t\t\t\t\t\t<img decoding=\"async\" src=\"https:\/\/www.alpha-passoni.de\/wp-content\/uploads\/elementor\/thumbs\/produktkatalog_mockup-qpz7jh9mtt8g6jvij4t2upi4qsx025ygenk79xx884.png\" title=\"produktkatalog_mockup\" alt=\"produktkatalog_mockup\" loading=\"lazy\" \/>\t\t\t\t\t\t\t\t<\/a>\n\t\t\t\t\t\t\t\t\t\t\t\t\t<\/div>\n\t\t\t\t<\/div>\n\t\t\t\t\t<\/div>\n\t\t<\/div>\n\t\t\t\t<div class=\"elementor-column elementor-col-50 elementor-top-column elementor-element elementor-element-f164773 ot-flex-column-vertical\" data-id=\"f164773\" data-element_type=\"column\">\n\t\t\t<div class=\"elementor-widget-wrap elementor-element-populated\">\n\t\t\t\t\t\t<div class=\"elementor-element elementor-element-6afe2a0 elementor-widget elementor-widget-text-editor\" data-id=\"6afe2a0\" data-element_type=\"widget\" data-widget_type=\"text-editor.default\">\n\t\t\t\t<div class=\"elementor-widget-container\">\n\t\t\t\t\t\t\t<p><img decoding=\"async\" class=\"alignnone size-full wp-image-5481\" style=\"margin-top: -4px;\" src=\"https:\/\/www.alpha-passoni.de\/wp-content\/uploads\/2023\/08\/icon_no_border.png\" alt=\"\" width=\"20\" height=\"20\" \/> PDF-Download<\/p>\t\t\t\t\t\t<\/div>\n\t\t\t\t<\/div>\n\t\t\t\t<div class=\"elementor-element elementor-element-1dab552 elementor-widget elementor-widget-iheading\" data-id=\"1dab552\" data-element_type=\"widget\" data-widget_type=\"iheading.default\">\n\t\t\t\t<div class=\"elementor-widget-container\">\n\t\t\t\t\t<div class=\"ot-heading\">\r\n\t        <h2 class=\"main-heading\">Produktkatalog<\/h2>\t    <\/div>\r\n\t    \t\t<\/div>\n\t\t\t\t<\/div>\n\t\t\t\t<section class=\"elementor-section elementor-inner-section elementor-element elementor-element-bc60681 elementor-section-full_width ot-traditional elementor-section-height-default elementor-section-height-default\" data-id=\"bc60681\" data-element_type=\"section\">\n\t\t\t\t\t\t<div class=\"elementor-container elementor-column-gap-default\">\n\t\t\t\t\t<div class=\"elementor-column elementor-col-100 elementor-inner-column elementor-element elementor-element-38481c7 ot-flex-column-vertical\" data-id=\"38481c7\" data-element_type=\"column\">\n\t\t\t<div class=\"elementor-widget-wrap elementor-element-populated\">\n\t\t\t\t\t\t<div class=\"elementor-element elementor-element-8f88b37 elementor-widget elementor-widget-heading\" data-id=\"8f88b37\" data-element_type=\"widget\" data-widget_type=\"heading.default\">\n\t\t\t\t<div class=\"elementor-widget-container\">\n\t\t\t<style>\/*! elementor - v3.23.0 - 05-08-2024 *\/\n.elementor-heading-title{padding:0;margin:0;line-height:1}.elementor-widget-heading .elementor-heading-title[class*=elementor-size-]>a{color:inherit;font-size:inherit;line-height:inherit}.elementor-widget-heading .elementor-heading-title.elementor-size-small{font-size:15px}.elementor-widget-heading .elementor-heading-title.elementor-size-medium{font-size:19px}.elementor-widget-heading .elementor-heading-title.elementor-size-large{font-size:29px}.elementor-widget-heading .elementor-heading-title.elementor-size-xl{font-size:39px}.elementor-widget-heading .elementor-heading-title.elementor-size-xxl{font-size:59px}<\/style><h5 class=\"elementor-heading-title elementor-size-default\">Hier finden Sie alle Produkte in einem Dokument f\u00fcr Ihre Unterlagen.<\/h5>\t\t<\/div>\n\t\t\t\t<\/div>\n\t\t\t\t<div class=\"elementor-element elementor-element-1fcc287 elementor-widget elementor-widget-ibutton\" data-id=\"1fcc287\" data-element_type=\"widget\" data-widget_type=\"ibutton.default\">\n\t\t\t\t<div class=\"elementor-widget-container\">\n\t\t\t\t\t<div class=\"ot-button\">\r\n\t\t\t<a href=\"\/wp-content\/uploads\/2023\/09\/CatalogueAlphaPassoni2018_English.pdf\" target=\"_blank\" class=\"btn-details\"><i class=\"flaticon-right-arrow-1\"><\/i> ZUM DOWNLOAD<\/a>\r\n\t    <\/div>\r\n\t    \t\t<\/div>\n\t\t\t\t<\/div>\n\t\t\t\t\t<\/div>\n\t\t<\/div>\n\t\t\t\t\t<\/div>\n\t\t<\/section>\n\t\t\t\t\t<\/div>\n\t\t<\/div>\n\t\t\t\t\t<\/div>\n\t\t<\/section>\n\t\t\t\t<section class=\"elementor-section elementor-top-section elementor-element elementor-element-43b14fc ot-traditional elementor-section-boxed elementor-section-height-default elementor-section-height-default\" data-id=\"43b14fc\" data-element_type=\"section\">\n\t\t\t\t\t\t<div class=\"elementor-container elementor-column-gap-default\">\n\t\t\t\t\t<div class=\"elementor-column elementor-col-100 elementor-top-column elementor-element elementor-element-48682529 ot-flex-column-vertical\" data-id=\"48682529\" data-element_type=\"column\">\n\t\t\t<div class=\"elementor-widget-wrap elementor-element-populated\">\n\t\t\t\t\t\t<div class=\"elementor-element elementor-element-59ac87d8 elementor-widget elementor-widget-heading\" data-id=\"59ac87d8\" data-element_type=\"widget\" data-widget_type=\"heading.default\">\n\t\t\t\t<div class=\"elementor-widget-container\">\n\t\t\t<h3 class=\"elementor-heading-title elementor-size-default\">Unsere modularen Batteriegestellsysteme<\/h3>\t\t<\/div>\n\t\t\t\t<\/div>\n\t\t\t\t<div class=\"elementor-element elementor-element-d3589af elementor-widget elementor-widget-text-editor\" data-id=\"d3589af\" data-element_type=\"widget\" data-widget_type=\"text-editor.default\">\n\t\t\t\t<div class=\"elementor-widget-container\">\n\t\t\t\t\t\t\t<p>Unser Hauptgesch\u00e4ft ist die Vermarktung von modularen Batteriegestellsystemen f\u00fcr die Anwendung im Standard- und Erdbebenbereich.<\/p><p>Mit unserer Kalkulationssoftware <a title=\"AlphaSYS\" href=\"https:\/\/www.alpha-passoni.de\/de\/alphasys-2\/\">AlphaSYS\u00ae<\/a> oder der <a href=\"\/customer-login\/\">AlphaSYS\u00ae Webversion<\/a> besteht f\u00fcr Sie die M\u00f6glichkeit direkt vor Ort ihren Anforderungen entsprechend Batteriegestelle zu konfigurieren.<\/p><p>Unser Sortiment wird durch die Produktion und den weltweiten Vertrieb von kunststoffbeschichteten Stahltr\u00f6gen und Kunststofftr\u00f6gen f\u00fcr Traktionsbatterien erg\u00e4nzt.<\/p>\t\t\t\t\t\t<\/div>\n\t\t\t\t<\/div>\n\t\t\t\t\t<\/div>\n\t\t<\/div>\n\t\t\t\t\t<\/div>\n\t\t<\/section>\n\t\t\t\t<\/div>\n\t\t","protected":false},"excerpt":{"rendered":"<p>Produkte Batteriegestelle &#038; Tr\u00f6ge Passoni Paolo e figli S.r.l und alpha industrie-bedarfs gmbh sind Ihre Spezialisten f\u00fcr Batteriegestelle im Bereich der station\u00e4ren Anwendung. Standardgestelle Batteriegestelle zur Organisation und sicheren Aufbewahrung von Energiequellen. Anwendungsbeispiele: Datenzentren \u00d6ffentliche Geb\u00e4ude Krankenh\u00e4user Sondergestelle Sonder-Batteriegestelle als ma\u00dfgefertigte Halterungen f\u00fcr spezielle Batterien zur effizienten und sicheren Lagerung von Energiequellen. Anwendungsbeispiele: Kernkraftwerke Schiffsbauten [&hellip;]<\/p>\n","protected":false},"author":1,"featured_media":0,"parent":0,"menu_order":0,"comment_status":"closed","ping_status":"closed","template":"","meta":{"footnotes":""},"class_list":["post-5033","page","type-page","status-publish","hentry"],"aioseo_notices":[],"_links":{"self":[{"href":"https:\/\/www.alpha-passoni.de\/de\/wp-json\/wp\/v2\/pages\/5033"}],"collection":[{"href":"https:\/\/www.alpha-passoni.de\/de\/wp-json\/wp\/v2\/pages"}],"about":[{"href":"https:\/\/www.alpha-passoni.de\/de\/wp-json\/wp\/v2\/types\/page"}],"author":[{"embeddable":true,"href":"https:\/\/www.alpha-passoni.de\/de\/wp-json\/wp\/v2\/users\/1"}],"replies":[{"embeddable":true,"href":"https:\/\/www.alpha-passoni.de\/de\/wp-json\/wp\/v2\/comments?post=5033"}],"version-history":[{"count":0,"href":"https:\/\/www.alpha-passoni.de\/de\/wp-json\/wp\/v2\/pages\/5033\/revisions"}],"wp:attachment":[{"href":"https:\/\/www.alpha-passoni.de\/de\/wp-json\/wp\/v2\/media?parent=5033"}],"curies":[{"name":"wp","href":"https:\/\/api.w.org\/{rel}","templated":true}]}}