{"id":5035,"date":"2023-07-07T15:09:41","date_gmt":"2023-07-07T15:09:41","guid":{"rendered":"https:\/\/www.alpha-passoni.de\/?page_id=5035"},"modified":"2024-04-26T11:04:40","modified_gmt":"2024-04-26T11:04:40","slug":"service","status":"publish","type":"page","link":"https:\/\/www.alpha-passoni.de\/de\/service\/","title":{"rendered":"Service"},"content":{"rendered":"\t\t<div data-elementor-type=\"wp-page\" data-elementor-id=\"5035\" class=\"elementor elementor-5035\" data-elementor-post-type=\"page\">\n\t\t\t\t\t\t<section class=\"elementor-section elementor-top-section elementor-element elementor-element-ac3721d ot-traditional elementor-section-boxed elementor-section-height-default elementor-section-height-default\" data-id=\"ac3721d\" data-element_type=\"section\" data-settings=\"{&quot;background_background&quot;:&quot;classic&quot;}\">\n\t\t\t\t\t\t<div class=\"elementor-container elementor-column-gap-extended\">\n\t\t\t\t\t<div class=\"elementor-column elementor-col-100 elementor-top-column elementor-element elementor-element-e9bf171 ot-flex-column-vertical\" data-id=\"e9bf171\" data-element_type=\"column\">\n\t\t\t<div class=\"elementor-widget-wrap elementor-element-populated\">\n\t\t\t\t\t\t<div class=\"elementor-element elementor-element-5475ebb elementor-widget elementor-widget-iheading\" data-id=\"5475ebb\" data-element_type=\"widget\" data-widget_type=\"iheading.default\">\n\t\t\t\t<div class=\"elementor-widget-container\">\n\t\t\t\t\t<div class=\"ot-heading\">\r\n\t        \t            <span>\/\/ support center<\/span>\r\n\t        <h2 class=\"main-heading\">Unser Support Team <br>\nunterst\u00fczt Sie in allen Fragen rund um unsere Produkte<\/h2>\t    <\/div>\r\n\t    \t\t<\/div>\n\t\t\t\t<\/div>\n\t\t\t\t<section class=\"elementor-section elementor-inner-section elementor-element elementor-element-eb7f363 elementor-section-full_width elementor-section-height-default elementor-section-height-default\" data-id=\"eb7f363\" data-element_type=\"section\">\n\t\t\t\t\t\t<div class=\"elementor-container elementor-column-gap-extended\">\n\t\t\t\t\t<div class=\"elementor-column elementor-col-33 elementor-inner-column elementor-element elementor-element-f2471a3 ot-flex-column-vertical\" data-id=\"f2471a3\" data-element_type=\"column\">\n\t\t\t<div class=\"elementor-widget-wrap elementor-element-populated\">\n\t\t\t\t\t\t<div class=\"elementor-element elementor-element-e1e10c9 elementor-widget elementor-widget-isupport_box\" data-id=\"e1e10c9\" data-element_type=\"widget\" data-widget_type=\"isupport_box.default\">\n\t\t\t\t<div class=\"elementor-widget-container\">\n\t\t\t\r\n\t\t<div class=\"support-box\">\r\n\t\t\t<div class=\"inner-box\">\r\n\t\t\t\t<div class=\"overlay flex-middle\">\r\n\t\t\t\t\t<span class=\"number-box\"><\/span>\r\n\t\t\t\t\t<div class=\"inner\">\r\n\t\t\t\t\t\t<p>Unser Engineering-Support bietet Fachwissen, umfassende L\u00f6sungen und schnelle Hilfe f\u00fcr reibungslose Abl\u00e4ufe, Innovation und technischen Fortschritt. Wir sind f\u00fcr Sie da.<\/p>\r\n\t\t\t\t\t\t<a href=\"#\" class=\"btn-details\"><!--<i class=\"flaticon-right-arrow-1\"><\/i> MEHR ERFAHREN--><\/a>\r\n\t\t\t\t\t<\/div>\r\n\t\t\t\t<\/div>\r\n\t\t\t\t<div class=\"content-box\">\r\n\t\t\t\t\t<span class=\"number-box\"><\/span>\r\n\t\t\t\t\t<h3>Engineering<\/h3>\r\n\t\t\t\t\t<img decoding=\"async\" src=\"https:\/\/www.alpha-passoni.de\/wp-content\/uploads\/2023\/11\/support3.jpg\" alt=\"Engineering\">\r\n\t\t\t\t<\/div>\r\n\t\t\t<\/div>\r\n\t    <\/div>\r\n\r\n\t    \t\t<\/div>\n\t\t\t\t<\/div>\n\t\t\t\t\t<\/div>\n\t\t<\/div>\n\t\t\t\t<div class=\"elementor-column elementor-col-33 elementor-inner-column elementor-element elementor-element-cf1cd00 ot-flex-column-vertical\" data-id=\"cf1cd00\" data-element_type=\"column\">\n\t\t\t<div class=\"elementor-widget-wrap elementor-element-populated\">\n\t\t\t\t\t\t<div class=\"elementor-element elementor-element-bcfa317 elementor-widget elementor-widget-isupport_box\" data-id=\"bcfa317\" data-element_type=\"widget\" data-widget_type=\"isupport_box.default\">\n\t\t\t\t<div class=\"elementor-widget-container\">\n\t\t\t\r\n\t\t<div class=\"support-box\">\r\n\t\t\t<div class=\"inner-box\">\r\n\t\t\t\t<div class=\"overlay flex-middle\">\r\n\t\t\t\t\t<span class=\"number-box\"><\/span>\r\n\t\t\t\t\t<div class=\"inner\">\r\n\t\t\t\t\t\t<p>Mit unserem Produktsupport erhalten Sie kompetente Beratung, schnelle Problembehebung und optimale L\u00f6sungen f\u00fcr maximale Produktleistung und Zufriedenheit. Verlassen Sie sich auf uns.<\/p>\r\n\t\t\t\t\t\t<a href=\"#\" class=\"btn-details\"><!--<i class=\"flaticon-right-arrow-1\"><\/i> MEHR ERFAHREN--><\/a>\r\n\t\t\t\t\t<\/div>\r\n\t\t\t\t<\/div>\r\n\t\t\t\t<div class=\"content-box\">\r\n\t\t\t\t\t<span class=\"number-box\"><\/span>\r\n\t\t\t\t\t<h3>Produktsupport<\/h3>\r\n\t\t\t\t\t<img decoding=\"async\" src=\"https:\/\/www.alpha-passoni.de\/wp-content\/uploads\/2023\/11\/support1.jpg\" alt=\"Produktsupport\">\r\n\t\t\t\t<\/div>\r\n\t\t\t<\/div>\r\n\t    <\/div>\r\n\r\n\t    \t\t<\/div>\n\t\t\t\t<\/div>\n\t\t\t\t\t<\/div>\n\t\t<\/div>\n\t\t\t\t<div class=\"elementor-column elementor-col-33 elementor-inner-column elementor-element elementor-element-ed001ad ot-flex-column-vertical\" data-id=\"ed001ad\" data-element_type=\"column\">\n\t\t\t<div class=\"elementor-widget-wrap elementor-element-populated\">\n\t\t\t\t\t\t<div class=\"elementor-element elementor-element-efefcc8 elementor-widget elementor-widget-isupport_box\" data-id=\"efefcc8\" data-element_type=\"widget\" data-widget_type=\"isupport_box.default\">\n\t\t\t\t<div class=\"elementor-widget-container\">\n\t\t\t\r\n\t\t<div class=\"support-box\">\r\n\t\t\t<div class=\"inner-box\">\r\n\t\t\t\t<div class=\"overlay flex-middle\">\r\n\t\t\t\t\t<span class=\"number-box\"><\/span>\r\n\t\t\t\t\t<div class=\"inner\">\r\n\t\t\t\t\t\t<p>Unser App- und Software-Support bietet rasche Fehlerbehebung, Updates und technische Beratung f\u00fcr reibungslose Funktionen und erstklassige Benutzererfahrung. Wir unterst\u00fctzen Sie gerne.<\/p>\r\n\t\t\t\t\t\t<a href=\"#\" class=\"btn-details\"><!--<i class=\"flaticon-right-arrow-1\"><\/i> MEHR ERFAHREN--><\/a>\r\n\t\t\t\t\t<\/div>\r\n\t\t\t\t<\/div>\r\n\t\t\t\t<div class=\"content-box\">\r\n\t\t\t\t\t<span class=\"number-box\"><\/span>\r\n\t\t\t\t\t<h3>App & Software<\/h3>\r\n\t\t\t\t\t<img decoding=\"async\" src=\"https:\/\/www.alpha-passoni.de\/wp-content\/uploads\/2023\/11\/support2.jpg\" alt=\"App &amp; Software\">\r\n\t\t\t\t<\/div>\r\n\t\t\t<\/div>\r\n\t    <\/div>\r\n\r\n\t    \t\t<\/div>\n\t\t\t\t<\/div>\n\t\t\t\t\t<\/div>\n\t\t<\/div>\n\t\t\t\t\t<\/div>\n\t\t<\/section>\n\t\t\t\t\t<\/div>\n\t\t<\/div>\n\t\t\t\t\t<\/div>\n\t\t<\/section>\n\t\t\t\t<section class=\"elementor-section elementor-top-section elementor-element elementor-element-a0ab6d4 ot-traditional elementor-section-boxed elementor-section-height-default elementor-section-height-default\" data-id=\"a0ab6d4\" data-element_type=\"section\">\n\t\t\t\t\t\t<div class=\"elementor-container elementor-column-gap-default\">\n\t\t\t\t\t<div class=\"elementor-column elementor-col-100 elementor-top-column elementor-element elementor-element-b4ce7a7 ot-flex-column-vertical\" data-id=\"b4ce7a7\" data-element_type=\"column\">\n\t\t\t<div class=\"elementor-widget-wrap elementor-element-populated\">\n\t\t\t\t\t\t<section class=\"elementor-section elementor-inner-section elementor-element elementor-element-266feed elementor-section-full_width elementor-section-content-bottom ot-traditional elementor-section-height-default elementor-section-height-default\" data-id=\"266feed\" data-element_type=\"section\" data-settings=\"{&quot;background_background&quot;:&quot;gradient&quot;}\">\n\t\t\t\t\t\t<div class=\"elementor-container elementor-column-gap-default\">\n\t\t\t\t\t<div class=\"elementor-column elementor-col-50 elementor-inner-column elementor-element elementor-element-aeaabeb ot-flex-column-vertical\" data-id=\"aeaabeb\" data-element_type=\"column\">\n\t\t\t<div class=\"elementor-widget-wrap elementor-element-populated\">\n\t\t\t\t\t\t<div class=\"elementor-element elementor-element-bbb5d0c elementor-widget elementor-widget-iheading\" data-id=\"bbb5d0c\" data-element_type=\"widget\" data-widget_type=\"iheading.default\">\n\t\t\t\t<div class=\"elementor-widget-container\">\n\t\t\t\t\t<div class=\"ot-heading\">\r\n\t        \t            <span>\/\/ Wie k\u00f6nnen wir Ihnen weiter helfen?<\/span>\r\n\t        <h2 class=\"main-heading\">Kontaktieren Sie uns \n<\/h2>\t    <\/div>\r\n\t    \t\t<\/div>\n\t\t\t\t<\/div>\n\t\t\t\t<div class=\"elementor-element elementor-element-dc20b5c elementor-widget elementor-widget-iheading\" data-id=\"dc20b5c\" data-element_type=\"widget\" data-widget_type=\"iheading.default\">\n\t\t\t\t<div class=\"elementor-widget-container\">\n\t\t\t\t\t<div class=\"ot-heading\">\r\n\t        \t            <span><br><\/span>\r\n\t        <h2 class=\"main-heading\">Service Hotline: +49 6241 50048-0 <br>\nE-Mail: info@alpha-passoni.de\n\n<\/h2>\t    <\/div>\r\n\t    \t\t<\/div>\n\t\t\t\t<\/div>\n\t\t\t\t\t<\/div>\n\t\t<\/div>\n\t\t\t\t<div class=\"elementor-column elementor-col-50 elementor-inner-column elementor-element elementor-element-26f861e ot-flex-column-vertical\" data-id=\"26f861e\" data-element_type=\"column\">\n\t\t\t<div class=\"elementor-widget-wrap elementor-element-populated\">\n\t\t\t\t\t\t<div class=\"elementor-element elementor-element-cb00354 elementor-align-right elementor-mobile-align-left elementor-widget elementor-widget-button\" data-id=\"cb00354\" data-element_type=\"widget\" data-widget_type=\"button.default\">\n\t\t\t\t<div class=\"elementor-widget-container\">\n\t\t\t\t\t<div class=\"elementor-button-wrapper\">\n\t\t\t<a class=\"elementor-button elementor-button-link elementor-size-md\" href=\"mailto:info@alpha-passoni.de\">\n\t\t\t\t\t\t<span class=\"elementor-button-content-wrapper\">\n\t\t\t\t\t\t\t\t\t<span class=\"elementor-button-text\">Support<br>kontaktieren<\/span>\n\t\t\t\t\t<\/span>\n\t\t\t\t\t<\/a>\n\t\t<\/div>\n\t\t\t\t<\/div>\n\t\t\t\t<\/div>\n\t\t\t\t\t<\/div>\n\t\t<\/div>\n\t\t\t\t\t<\/div>\n\t\t<\/section>\n\t\t\t\t<div class=\"elementor-element elementor-element-4ce2f7c elementor-hidden-desktop elementor-hidden-tablet elementor-hidden-mobile elementor-widget elementor-widget-iheading\" data-id=\"4ce2f7c\" data-element_type=\"widget\" data-widget_type=\"iheading.default\">\n\t\t\t\t<div class=\"elementor-widget-container\">\n\t\t\t\t\t<div class=\"ot-heading\">\r\n\t        \t            <span>\/\/ FAQ<\/span>\r\n\t        <h2 class=\"main-heading\">Schnelle Hilfe <br>\nbei h\u00e4ufigen Fragen<\/h2>\t    <\/div>\r\n\t    \t\t<\/div>\n\t\t\t\t<\/div>\n\t\t\t\t<section class=\"elementor-section elementor-inner-section elementor-element elementor-element-4f1418c elementor-section-full_width elementor-hidden-desktop elementor-hidden-tablet elementor-hidden-mobile ot-traditional elementor-section-height-default elementor-section-height-default\" data-id=\"4f1418c\" data-element_type=\"section\">\n\t\t\t\t\t\t<div class=\"elementor-container elementor-column-gap-extended\">\n\t\t\t\t\t<div class=\"elementor-column elementor-col-50 elementor-inner-column elementor-element elementor-element-7a9003f ot-flex-column-vertical\" data-id=\"7a9003f\" data-element_type=\"column\">\n\t\t\t<div class=\"elementor-widget-wrap elementor-element-populated\">\n\t\t\t\t\t\t<div class=\"elementor-element elementor-element-c5a06e4 elementor-widget elementor-widget-iaccordions\" data-id=\"c5a06e4\" data-element_type=\"widget\" data-widget_type=\"iaccordions.default\">\n\t\t\t\t<div class=\"elementor-widget-container\">\n\t\t\t\r\n\t\t<div class=\"ot-accordions\">\r\n\t\t\t\t\t\t<div class=\"acc-item\">\r\n\t\t\t\t<span class=\"acc-toggle\" data-default=\"yes\">Wie kann ich mein Passwort zur\u00fccksetzen? <i class=\"down flaticon-download-arrow\"><\/i><i class=\"up flaticon-up-arrow\"><\/i><\/span>\r\n\t\t\t\t<div class=\"acc-content\">\r\n\t\t\t\t\t<p>Antwort: Sie k\u00f6nnen Ihr Passwort zur\u00fccksetzen, indem Sie auf der Anmeldeseite auf \"Passwort vergessen?\" klicken. Geben Sie die E-Mail-Adresse ein, die mit Ihrem Konto verkn\u00fcpft ist, und wir senden Ihnen einen Link zur Passwortwiederherstellung. Folgen Sie einfach den Anweisungen in der E-Mail, um Ihr Passwort zur\u00fcckzusetzen und auf Ihr Konto zuzugreifen.<\/p>\t\t\t\t<\/div>\r\n\t\t\t<\/div>\r\n\t\t\t\t\t\t<div class=\"acc-item\">\r\n\t\t\t\t<span class=\"acc-toggle\" data-default=\"\">Gibt es eine M\u00f6glichkeit, meine Lieferadresse zu \u00e4ndern? <i class=\"down flaticon-download-arrow\"><\/i><i class=\"up flaticon-up-arrow\"><\/i><\/span>\r\n\t\t\t\t<div class=\"acc-content\">\r\n\t\t\t\t\t<p>Antwort: Ja, Sie k\u00f6nnen Ihre Lieferadresse \u00e4ndern, solange Ihre Bestellung noch nicht versandt wurde. Gehen Sie dazu zu Ihrem Konto und w\u00e4hlen Sie \"Lieferadressen verwalten\". Dort k\u00f6nnen Sie eine neue Adresse hinzuf\u00fcgen oder eine vorhandene Adresse bearbeiten. Bitte beachten Sie, dass \u00c4nderungen an der Lieferadresse nach dem Versand der Bestellung nicht mehr m\u00f6glich sind.<\/p>\t\t\t\t<\/div>\r\n\t\t\t<\/div>\r\n\t\t\t\t\t\t<div class=\"acc-item\">\r\n\t\t\t\t<span class=\"acc-toggle\" data-default=\"\">Wie kann ich den Kundendienst kontaktieren? <i class=\"down flaticon-download-arrow\"><\/i><i class=\"up flaticon-up-arrow\"><\/i><\/span>\r\n\t\t\t\t<div class=\"acc-content\">\r\n\t\t\t\t\t<p>Antwort: Sie k\u00f6nnen unseren Kundendienst per E-Mail unter <a href=\"mailto:support@example.com\" target=\"_new\">support@example.com<\/a> oder telefonisch unter +123456789 erreichen. Unsere Support-Mitarbeiter stehen Ihnen Montag bis Freitag von 9:00 bis 18:00 Uhr zur Verf\u00fcgung, um Ihnen bei Fragen oder Problemen behilflich zu sein.<\/p>\t\t\t\t<\/div>\r\n\t\t\t<\/div>\r\n\t\t\t\t\t\t<div class=\"acc-item\">\r\n\t\t\t\t<span class=\"acc-toggle\" data-default=\"\">Welche Zahlungsmethoden werden akzeptiert? <i class=\"down flaticon-download-arrow\"><\/i><i class=\"up flaticon-up-arrow\"><\/i><\/span>\r\n\t\t\t\t<div class=\"acc-content\">\r\n\t\t\t\t\t<p>Antwort: Wir akzeptieren verschiedene Zahlungsmethoden, darunter Kreditkarten (Visa, MasterCard, American Express) und PayPal. Sie k\u00f6nnen die gew\u00fcnschte Zahlungsmethode w\u00e4hrend des Checkout-Vorgangs ausw\u00e4hlen.<\/p>\t\t\t\t<\/div>\r\n\t\t\t<\/div>\r\n\t\t\t\t\t\t<div class=\"acc-item\">\r\n\t\t\t\t<span class=\"acc-toggle\" data-default=\"\">Gibt es eine M\u00f6glichkeit, meine Bestellung zu stornieren? <i class=\"down flaticon-download-arrow\"><\/i><i class=\"up flaticon-up-arrow\"><\/i><\/span>\r\n\t\t\t\t<div class=\"acc-content\">\r\n\t\t\t\t\t<p>Antwort: Ja, Sie k\u00f6nnen Ihre Bestellung stornieren, solange sie noch nicht versandt wurde. Gehen Sie dazu zu Ihrem Konto, w\u00e4hlen Sie \"Bestellungen\" und suchen Sie die entsprechende Bestellung. Dort finden Sie die Option \"Bestellung stornieren\". Falls die Bestellung bereits versandt wurde, m\u00fcssen Sie sie m\u00f6glicherweise zur\u00fccksenden oder den Kundendienst kontaktieren, um weitere Unterst\u00fctzung zu erhalten.<\/p>\t\t\t\t<\/div>\r\n\t\t\t<\/div>\r\n\t\t\t\t\t\t<div class=\"acc-item\">\r\n\t\t\t\t<span class=\"acc-toggle\" data-default=\"\">Wie lange dauert es, bis meine Bestellung geliefert wird? <i class=\"down flaticon-download-arrow\"><\/i><i class=\"up flaticon-up-arrow\"><\/i><\/span>\r\n\t\t\t\t<div class=\"acc-content\">\r\n\t\t\t\t\t<p>Antwort: Die Lieferzeit h\u00e4ngt von Ihrem Standort und der Versandmethode ab. In der Regel dauert die Lieferung innerhalb des Landes 2-5 Werktage, w\u00e4hrend internationale Lieferungen je nach Zielland zwischen 7 und 14 Werktagen dauern k\u00f6nnen. Bitte beachten Sie, dass es zu Verz\u00f6gerungen kommen kann, die au\u00dferhalb unserer Kontrolle liegen, wie beispielsweise Zollabfertigungen oder Wetterbedingungen.<\/p>\t\t\t\t<\/div>\r\n\t\t\t<\/div>\r\n\t\t\t\t    <\/div>\r\n\r\n\t    \t\t<\/div>\n\t\t\t\t<\/div>\n\t\t\t\t\t<\/div>\n\t\t<\/div>\n\t\t\t\t<div class=\"elementor-column elementor-col-50 elementor-inner-column elementor-element elementor-element-6965c9f ot-flex-column-vertical\" data-id=\"6965c9f\" data-element_type=\"column\">\n\t\t\t<div class=\"elementor-widget-wrap elementor-element-populated\">\n\t\t\t\t\t\t<div class=\"elementor-element elementor-element-cedfbff elementor-widget elementor-widget-iaccordions\" data-id=\"cedfbff\" data-element_type=\"widget\" data-widget_type=\"iaccordions.default\">\n\t\t\t\t<div class=\"elementor-widget-container\">\n\t\t\t\r\n\t\t<div class=\"ot-accordions\">\r\n\t\t\t\t\t\t<div class=\"acc-item\">\r\n\t\t\t\t<span class=\"acc-toggle\" data-default=\"yes\">Gibt es eine M\u00f6glichkeit, meine Bestellung zu verfolgen? <i class=\"down flaticon-download-arrow\"><\/i><i class=\"up flaticon-up-arrow\"><\/i><\/span>\r\n\t\t\t\t<div class=\"acc-content\">\r\n\t\t\t\t\t<p>Antwort: Ja, Sie k\u00f6nnen Ihre Bestellung verfolgen. Sobald Ihre Bestellung versandt wurde, erhalten Sie eine Versandbest\u00e4tigung per E-Mail, die einen Tracking-Link enth\u00e4lt. Mit diesem Link k\u00f6nnen Sie den Lieferstatus Ihrer Bestellung verfolgen und wissen, wo sich Ihr Paket gerade befindet.<\/p>\t\t\t\t<\/div>\r\n\t\t\t<\/div>\r\n\t\t\t\t\t\t<div class=\"acc-item\">\r\n\t\t\t\t<span class=\"acc-toggle\" data-default=\"\">Bieten Sie eine R\u00fcckgabegarantie an? <i class=\"down flaticon-download-arrow\"><\/i><i class=\"up flaticon-up-arrow\"><\/i><\/span>\r\n\t\t\t\t<div class=\"acc-content\">\r\n\t\t\t\t\tAntwort: Ja, wir bieten eine R\u00fcckgabegarantie f\u00fcr die meisten Produkte an. Wenn Sie mit Ihrem Kauf nicht zufrieden sind oder ein Problem mit dem Produkt haben, k\u00f6nnen Sie es innerhalb von 30 Tagen ab Erhalt zur\u00fccksenden. Bitte beachten Sie unsere R\u00fcckgaberichtlinien f\u00fcr weitere Details und Anweisungen.\t\t\t\t<\/div>\r\n\t\t\t<\/div>\r\n\t\t\t\t\t\t<div class=\"acc-item\">\r\n\t\t\t\t<span class=\"acc-toggle\" data-default=\"\">Wie kann ich meinen Account l\u00f6schen? <i class=\"down flaticon-download-arrow\"><\/i><i class=\"up flaticon-up-arrow\"><\/i><\/span>\r\n\t\t\t\t<div class=\"acc-content\">\r\n\t\t\t\t\t<p>Antwort: Wenn Sie Ihren Account l\u00f6schen m\u00f6chten, kontaktieren Sie bitte unseren Kundendienst per E-Mail oder Telefon. Unsere Support-Mitarbeiter werden Ihnen bei der L\u00f6schung Ihres Accounts behilflich sein. Bitte bedenken Sie, dass das L\u00f6schen Ihres Accounts dazu f\u00fchrt, dass Sie den Zugriff auf Ihre Bestellhistorie und andere kontobezogene Informationen verlieren.<\/p>\t\t\t\t<\/div>\r\n\t\t\t<\/div>\r\n\t\t\t\t\t\t<div class=\"acc-item\">\r\n\t\t\t\t<span class=\"acc-toggle\" data-default=\"\">Bieten Sie einen Kundenservice in anderen Sprachen an? <i class=\"down flaticon-download-arrow\"><\/i><i class=\"up flaticon-up-arrow\"><\/i><\/span>\r\n\t\t\t\t<div class=\"acc-content\">\r\n\t\t\t\t\t<p>Antwort: Ja, unser Kundenservice steht in mehreren Sprachen zur Verf\u00fcgung. Derzeit bieten wir Support in Englisch, Deutsch, Spanisch und Franz\u00f6sisch. Wenn Ihre bevorzugte Sprache nicht aufgef\u00fchrt ist, bem\u00fchen wir uns dennoch, Ihnen so gut wie m\u00f6glich zu helfen. Sie k\u00f6nnen uns in Ihrer Sprache kontaktieren, und wir werden unser Bestes tun, um Ihre Anfrage zu verstehen und zu beantworten.<\/p>\t\t\t\t<\/div>\r\n\t\t\t<\/div>\r\n\t\t\t\t\t\t<div class=\"acc-item\">\r\n\t\t\t\t<span class=\"acc-toggle\" data-default=\"\">Wie kann ich mich f\u00fcr den Newsletter anmelden? <i class=\"down flaticon-download-arrow\"><\/i><i class=\"up flaticon-up-arrow\"><\/i><\/span>\r\n\t\t\t\t<div class=\"acc-content\">\r\n\t\t\t\t\t<p>Antwort: Sie k\u00f6nnen sich f\u00fcr unseren Newsletter anmelden, indem Sie Ihre E-Mail-Adresse in das Anmeldeformular auf unserer Website eingeben. Sie finden das Formular in der Regel im Footer-Bereich unserer Website. Mit unserem Newsletter bleiben Sie \u00fcber neue Produkte, Sonderangebote und wichtige Unternehmensnachrichten auf dem Laufenden.<\/p>\t\t\t\t<\/div>\r\n\t\t\t<\/div>\r\n\t\t\t\t\t\t<div class=\"acc-item\">\r\n\t\t\t\t<span class=\"acc-toggle\" data-default=\"\">Ich habe mein Passwort zur\u00fcckgesetzt, aber erhalte keine E-Mail zur Best\u00e4tigung. Was soll ich tun? <i class=\"down flaticon-download-arrow\"><\/i><i class=\"up flaticon-up-arrow\"><\/i><\/span>\r\n\t\t\t\t<div class=\"acc-content\">\r\n\t\t\t\t\t<p>Antwort: Wenn Sie nach dem Zur\u00fccksetzen Ihres Passworts keine E-Mail erhalten haben, \u00fcberpr\u00fcfen Sie bitte Ihren Spam- oder Junk-Ordner in Ihrem E-Mail-Posteingang. Manchmal landen automatisierte E-Mails dort. Falls Sie die E-Mail immer noch nicht finden k\u00f6nnen, kontaktieren Sie bitte unseren Kundendienst, um weitere Unterst\u00fctzung zu erhalten.<\/p>\t\t\t\t<\/div>\r\n\t\t\t<\/div>\r\n\t\t\t\t    <\/div>\r\n\r\n\t    \t\t<\/div>\n\t\t\t\t<\/div>\n\t\t\t\t\t<\/div>\n\t\t<\/div>\n\t\t\t\t\t<\/div>\n\t\t<\/section>\n\t\t\t\t\t<\/div>\n\t\t<\/div>\n\t\t\t\t\t<\/div>\n\t\t<\/section>\n\t\t\t\t<\/div>\n\t\t","protected":false},"excerpt":{"rendered":"<p>\/\/ support center Unser Support Team unterst\u00fczt Sie in allen Fragen rund um unsere Produkte Unser Engineering-Support bietet Fachwissen, umfassende L\u00f6sungen und schnelle Hilfe f\u00fcr reibungslose Abl\u00e4ufe, Innovation und technischen Fortschritt. Wir sind f\u00fcr Sie da. Engineering Mit unserem Produktsupport erhalten Sie kompetente Beratung, schnelle Problembehebung und optimale L\u00f6sungen f\u00fcr maximale Produktleistung und Zufriedenheit. Verlassen [&hellip;]<\/p>\n","protected":false},"author":1,"featured_media":0,"parent":0,"menu_order":0,"comment_status":"closed","ping_status":"closed","template":"","meta":{"footnotes":""},"class_list":["post-5035","page","type-page","status-publish","hentry"],"aioseo_notices":[],"_links":{"self":[{"href":"https:\/\/www.alpha-passoni.de\/de\/wp-json\/wp\/v2\/pages\/5035"}],"collection":[{"href":"https:\/\/www.alpha-passoni.de\/de\/wp-json\/wp\/v2\/pages"}],"about":[{"href":"https:\/\/www.alpha-passoni.de\/de\/wp-json\/wp\/v2\/types\/page"}],"author":[{"embeddable":true,"href":"https:\/\/www.alpha-passoni.de\/de\/wp-json\/wp\/v2\/users\/1"}],"replies":[{"embeddable":true,"href":"https:\/\/www.alpha-passoni.de\/de\/wp-json\/wp\/v2\/comments?post=5035"}],"version-history":[{"count":0,"href":"https:\/\/www.alpha-passoni.de\/de\/wp-json\/wp\/v2\/pages\/5035\/revisions"}],"wp:attachment":[{"href":"https:\/\/www.alpha-passoni.de\/de\/wp-json\/wp\/v2\/media?parent=5035"}],"curies":[{"name":"wp","href":"https:\/\/api.w.org\/{rel}","templated":true}]}}