{"id":5041,"date":"2023-07-07T15:10:22","date_gmt":"2023-07-07T15:10:22","guid":{"rendered":"https:\/\/www.alpha-passoni.de\/?page_id=5041"},"modified":"2024-08-20T13:49:43","modified_gmt":"2024-08-20T13:49:43","slug":"alphasys","status":"publish","type":"page","link":"https:\/\/www.alpha-passoni.de\/de\/alphasys\/","title":{"rendered":"AlphaSys"},"content":{"rendered":"\t\t<div data-elementor-type=\"wp-page\" data-elementor-id=\"5041\" class=\"elementor elementor-5041\" data-elementor-post-type=\"page\">\n\t\t\t\t\t\t<section class=\"elementor-section elementor-top-section elementor-element elementor-element-360531d ot-traditional elementor-section-boxed elementor-section-height-default elementor-section-height-default\" data-id=\"360531d\" data-element_type=\"section\">\n\t\t\t\t\t\t<div class=\"elementor-container elementor-column-gap-extended\">\n\t\t\t\t\t<div class=\"elementor-column elementor-col-50 elementor-top-column elementor-element elementor-element-d177b2f ot-flex-column-vertical\" data-id=\"d177b2f\" data-element_type=\"column\">\n\t\t\t<div class=\"elementor-widget-wrap elementor-element-populated\">\n\t\t\t\t\t\t<div class=\"elementor-element elementor-element-4f7d6c1 elementor-widget elementor-widget-text-editor\" data-id=\"4f7d6c1\" data-element_type=\"widget\" data-widget_type=\"text-editor.default\">\n\t\t\t\t<div class=\"elementor-widget-container\">\n\t\t\t<style>\/*! elementor - v3.23.0 - 05-08-2024 *\/\n.elementor-widget-text-editor.elementor-drop-cap-view-stacked .elementor-drop-cap{background-color:#69727d;color:#fff}.elementor-widget-text-editor.elementor-drop-cap-view-framed .elementor-drop-cap{color:#69727d;border:3px solid;background-color:transparent}.elementor-widget-text-editor:not(.elementor-drop-cap-view-default) .elementor-drop-cap{margin-top:8px}.elementor-widget-text-editor:not(.elementor-drop-cap-view-default) .elementor-drop-cap-letter{width:1em;height:1em}.elementor-widget-text-editor .elementor-drop-cap{float:left;text-align:center;line-height:1;font-size:50px}.elementor-widget-text-editor .elementor-drop-cap-letter{display:inline-block}<\/style>\t\t\t\t<p><img decoding=\"async\" class=\"alignnone size-full wp-image-5481\" style=\"margin-top: -4px;\" src=\"https:\/\/www.alpha-passoni.de\/wp-content\/uploads\/2023\/08\/icon_no_border.png\" alt=\"\" width=\"20\" height=\"20\" \/> Software<\/p>\t\t\t\t\t\t<\/div>\n\t\t\t\t<\/div>\n\t\t\t\t<div class=\"elementor-element elementor-element-a76cb94 elementor-widget elementor-widget-iheading\" data-id=\"a76cb94\" data-element_type=\"widget\" data-widget_type=\"iheading.default\">\n\t\t\t\t<div class=\"elementor-widget-container\">\n\t\t\t\t\t<div class=\"ot-heading\">\r\n\t        <h2 class=\"main-heading\">\nDie Software AlphaSYS\u00ae wurde speziell f\u00fcr unsere Kunden entwickelt.\n<\/h2>\t    <\/div>\r\n\t    \t\t<\/div>\n\t\t\t\t<\/div>\n\t\t\t\t<div class=\"elementor-element elementor-element-61be5f7 elementor-widget elementor-widget-text-editor\" data-id=\"61be5f7\" data-element_type=\"widget\" data-widget_type=\"text-editor.default\">\n\t\t\t\t<div class=\"elementor-widget-container\">\n\t\t\t\t\t\t\t<strong>Damit k\u00f6nnen Sie eigenst\u00e4ndig auf einfache Weise geeignete Gestellsysteme entsprechend Ihrer Anforderungen konfigurieren. Probieren Sie es mit unserer AlphaSYS\u00aeWeb Version einmal selbst aus.<\/strong>\t\t\t\t\t\t<\/div>\n\t\t\t\t<\/div>\n\t\t\t\t<div class=\"elementor-element elementor-element-1073821 elementor-widget elementor-widget-text-editor\" data-id=\"1073821\" data-element_type=\"widget\" data-widget_type=\"text-editor.default\">\n\t\t\t\t<div class=\"elementor-widget-container\">\n\t\t\t\t\t\t\t<p>W\u00e4hlen Sie zun\u00e4chst einen Batteriehersteller und den gew\u00fcnschten Batterietyp aus. Nach der Angabe der Elementanzahl wird Ihnen eine Auswahl m\u00f6glicher Gestelle aus unserer Produktpalette (Standard, Erdbeben, mit Bodenabstand oder verkleidet) angezeigt. Jedes Gestell wird anhand der Batteriedaten, die auch manuell eingegeben werden k\u00f6nnen, kalkuliert. Dar\u00fcber hinaus bietet Ihnen das Programm neben verschiedenen Zeichnungen auch eine Zubeh\u00f6rliste sowie umfangreiche technische Daten zu dem ausgew\u00e4hlten Gestell an.<\/p>\t\t\t\t\t\t<\/div>\n\t\t\t\t<\/div>\n\t\t\t\t<div class=\"elementor-element elementor-element-656f4c4 elementor-widget elementor-widget-heading\" data-id=\"656f4c4\" data-element_type=\"widget\" data-widget_type=\"heading.default\">\n\t\t\t\t<div class=\"elementor-widget-container\">\n\t\t\t<style>\/*! elementor - v3.23.0 - 05-08-2024 *\/\n.elementor-heading-title{padding:0;margin:0;line-height:1}.elementor-widget-heading .elementor-heading-title[class*=elementor-size-]>a{color:inherit;font-size:inherit;line-height:inherit}.elementor-widget-heading .elementor-heading-title.elementor-size-small{font-size:15px}.elementor-widget-heading .elementor-heading-title.elementor-size-medium{font-size:19px}.elementor-widget-heading .elementor-heading-title.elementor-size-large{font-size:29px}.elementor-widget-heading .elementor-heading-title.elementor-size-xl{font-size:39px}.elementor-widget-heading .elementor-heading-title.elementor-size-xxl{font-size:59px}<\/style><span class=\"elementor-heading-title elementor-size-default\">AlphaSYS\u00ae Desktop<\/span>\t\t<\/div>\n\t\t\t\t<\/div>\n\t\t\t\t<div class=\"elementor-element elementor-element-a71d01c elementor-widget elementor-widget-text-editor\" data-id=\"a71d01c\" data-element_type=\"widget\" data-widget_type=\"text-editor.default\">\n\t\t\t\t<div class=\"elementor-widget-container\">\n\t\t\t\t\t\t\t<p>\r\n    <div>        \r\n    <video id=\"plyr69e200478064a\" controls class=\"easy-video-player\">\r\n       <source src=\"\/wp-content\/uploads\/2024\/08\/demo_alphasys_desktop2.mp4\" type=\"video\/mp4\" \/>\r\n    <\/video>\r\n    <\/div>    <script>\r\n        const evplayerplyr69e200478064a = new Plyr(document.getElementById('plyr69e200478064a'));\r\n        evplayerplyr69e200478064a.ratio = '16:9';\r\n        evplayerplyr69e200478064a.iconUrl = 'https:\/\/www.alpha-passoni.de\/wp-content\/plugins\/easy-video-player\/lib\/plyr.svg';\r\n        evplayerplyr69e200478064a.blankVideo = 'https:\/\/www.alpha-passoni.de\/wp-content\/plugins\/easy-video-player\/lib\/blank.mp4';  \r\n    <\/script><\/p>\t\t\t\t\t\t<\/div>\n\t\t\t\t<\/div>\n\t\t\t\t<div class=\"elementor-element elementor-element-6502ebc elementor-widget elementor-widget-heading\" data-id=\"6502ebc\" data-element_type=\"widget\" data-widget_type=\"heading.default\">\n\t\t\t\t<div class=\"elementor-widget-container\">\n\t\t\t<span class=\"elementor-heading-title elementor-size-default\">AlphaSYS\u00aeWeb<\/span>\t\t<\/div>\n\t\t\t\t<\/div>\n\t\t\t\t<div class=\"elementor-element elementor-element-20e96f8 elementor-widget elementor-widget-text-editor\" data-id=\"20e96f8\" data-element_type=\"widget\" data-widget_type=\"text-editor.default\">\n\t\t\t\t<div class=\"elementor-widget-container\">\n\t\t\t\t\t\t\t\r\n    <div>        \r\n    <video id=\"plyr69e2004781040\" controls class=\"easy-video-player\">\r\n       <source src=\"\/wp-content\/uploads\/2024\/06\/demo_alphasys.mp4\" type=\"video\/mp4\" \/>\r\n    <\/video>\r\n    <\/div>    <script>\r\n        const evplayerplyr69e2004781040 = new Plyr(document.getElementById('plyr69e2004781040'));\r\n        evplayerplyr69e2004781040.ratio = '16:9';\r\n        evplayerplyr69e2004781040.iconUrl = 'https:\/\/www.alpha-passoni.de\/wp-content\/plugins\/easy-video-player\/lib\/plyr.svg';\r\n        evplayerplyr69e2004781040.blankVideo = 'https:\/\/www.alpha-passoni.de\/wp-content\/plugins\/easy-video-player\/lib\/blank.mp4';  \r\n    <\/script>\t\t\t\t\t\t<\/div>\n\t\t\t\t<\/div>\n\t\t\t\t\t<\/div>\n\t\t<\/div>\n\t\t\t\t<div class=\"elementor-column elementor-col-50 elementor-top-column elementor-element elementor-element-68ab28e ot-flex-column-vertical\" data-id=\"68ab28e\" data-element_type=\"column\" data-settings=\"{&quot;background_background&quot;:&quot;classic&quot;}\">\n\t\t\t<div class=\"elementor-widget-wrap elementor-element-populated\">\n\t\t\t\t\t\t<div class=\"elementor-element elementor-element-b5b59c3 elementor-widget elementor-widget-heading\" data-id=\"b5b59c3\" data-element_type=\"widget\" data-widget_type=\"heading.default\">\n\t\t\t\t<div class=\"elementor-widget-container\">\n\t\t\t<h5 class=\"elementor-heading-title elementor-size-default\">AlphaSYS\u00ae- Version <\/h5>\t\t<\/div>\n\t\t\t\t<\/div>\n\t\t\t\t<div class=\"elementor-element elementor-element-970879c elementor-widget elementor-widget-text-editor\" data-id=\"970879c\" data-element_type=\"widget\" data-widget_type=\"text-editor.default\">\n\t\t\t\t<div class=\"elementor-widget-container\">\n\t\t\t\t\t\t\t<p>Die neue Version unserer Software AlphaSYS\u00ae 7.6 steht Ihnen jetzt zur Verf\u00fcgung.<\/p>\t\t\t\t\t\t<\/div>\n\t\t\t\t<\/div>\n\t\t\t\t<div class=\"elementor-element elementor-element-3ba510d elementor-widget elementor-widget-ibutton\" data-id=\"3ba510d\" data-element_type=\"widget\" data-widget_type=\"ibutton.default\">\n\t\t\t\t<div class=\"elementor-widget-container\">\n\t\t\t\t\t<div class=\"ot-button\">\r\n\t\t\t<a href=\"\/wp-content\/uploads\/AlphaSYS_Installation-Guide_76.pdf\" class=\"btn-details\"><i class=\"flaticon-right-arrow-1\"><\/i> Installationshinweise (PDF-Download)<\/a>\r\n\t    <\/div>\r\n\t    \t\t<\/div>\n\t\t\t\t<\/div>\n\t\t\t\t<div class=\"elementor-element elementor-element-fbfbc00 elementor-widget elementor-widget-spacer\" data-id=\"fbfbc00\" data-element_type=\"widget\" data-widget_type=\"spacer.default\">\n\t\t\t\t<div class=\"elementor-widget-container\">\n\t\t\t<style>\/*! elementor - v3.23.0 - 05-08-2024 *\/\n.elementor-column .elementor-spacer-inner{height:var(--spacer-size)}.e-con{--container-widget-width:100%}.e-con-inner>.elementor-widget-spacer,.e-con>.elementor-widget-spacer{width:var(--container-widget-width,var(--spacer-size));--align-self:var(--container-widget-align-self,initial);--flex-shrink:0}.e-con-inner>.elementor-widget-spacer>.elementor-widget-container,.e-con>.elementor-widget-spacer>.elementor-widget-container{height:100%;width:100%}.e-con-inner>.elementor-widget-spacer>.elementor-widget-container>.elementor-spacer,.e-con>.elementor-widget-spacer>.elementor-widget-container>.elementor-spacer{height:100%}.e-con-inner>.elementor-widget-spacer>.elementor-widget-container>.elementor-spacer>.elementor-spacer-inner,.e-con>.elementor-widget-spacer>.elementor-widget-container>.elementor-spacer>.elementor-spacer-inner{height:var(--container-widget-height,var(--spacer-size))}.e-con-inner>.elementor-widget-spacer.elementor-widget-empty,.e-con>.elementor-widget-spacer.elementor-widget-empty{position:relative;min-height:22px;min-width:22px}.e-con-inner>.elementor-widget-spacer.elementor-widget-empty .elementor-widget-empty-icon,.e-con>.elementor-widget-spacer.elementor-widget-empty .elementor-widget-empty-icon{position:absolute;top:0;bottom:0;left:0;right:0;margin:auto;padding:0;width:22px;height:22px}<\/style>\t\t<div class=\"elementor-spacer\">\n\t\t\t<div class=\"elementor-spacer-inner\"><\/div>\n\t\t<\/div>\n\t\t\t\t<\/div>\n\t\t\t\t<\/div>\n\t\t\t\t<div class=\"elementor-element elementor-element-c1d17b5 elementor-widget elementor-widget-heading\" data-id=\"c1d17b5\" data-element_type=\"widget\" data-widget_type=\"heading.default\">\n\t\t\t\t<div class=\"elementor-widget-container\">\n\t\t\t<h5 class=\"elementor-heading-title elementor-size-default\">AlphaSYS\u00ae<\/h5>\t\t<\/div>\n\t\t\t\t<\/div>\n\t\t\t\t<div class=\"elementor-element elementor-element-76e46fe elementor-widget elementor-widget-text-editor\" data-id=\"76e46fe\" data-element_type=\"widget\" data-widget_type=\"text-editor.default\">\n\t\t\t\t<div class=\"elementor-widget-container\">\n\t\t\t\t\t\t\t<ul>\n \t<li>AlphaSYS\u00ae Desktop Anwendung<\/li>\n \t<li>AlphaSYS\u00aeWeb Version<\/li>\n<\/ul>\t\t\t\t\t\t<\/div>\n\t\t\t\t<\/div>\n\t\t\t\t<div class=\"elementor-element elementor-element-ec9f0a0 elementor-widget elementor-widget-ibutton\" data-id=\"ec9f0a0\" data-element_type=\"widget\" data-widget_type=\"ibutton.default\">\n\t\t\t\t<div class=\"elementor-widget-container\">\n\t\t\t\t\t<div class=\"ot-button\">\r\n\t\t\t<a href=\"mailto:info@alpha-passoni.de\" target=\"_blank\" class=\"octf-btn octf-btn-primary\">Kontaktieren Sie uns<\/a>\r\n\t    <\/div>\r\n\t    \t\t<\/div>\n\t\t\t\t<\/div>\n\t\t\t\t<div class=\"elementor-element elementor-element-864eeeb elementor-widget elementor-widget-spacer\" data-id=\"864eeeb\" data-element_type=\"widget\" data-widget_type=\"spacer.default\">\n\t\t\t\t<div class=\"elementor-widget-container\">\n\t\t\t\t\t<div class=\"elementor-spacer\">\n\t\t\t<div class=\"elementor-spacer-inner\"><\/div>\n\t\t<\/div>\n\t\t\t\t<\/div>\n\t\t\t\t<\/div>\n\t\t\t\t<div class=\"elementor-element elementor-element-903e632 elementor-widget elementor-widget-image\" data-id=\"903e632\" data-element_type=\"widget\" data-widget_type=\"image.default\">\n\t\t\t\t<div class=\"elementor-widget-container\">\n\t\t\t<style>\/*! elementor - v3.23.0 - 05-08-2024 *\/\n.elementor-widget-image{text-align:center}.elementor-widget-image a{display:inline-block}.elementor-widget-image a img[src$=\".svg\"]{width:48px}.elementor-widget-image img{vertical-align:middle;display:inline-block}<\/style>\t\t\t\t\t\t\t\t\t\t<img fetchpriority=\"high\" decoding=\"async\" width=\"800\" height=\"533\" src=\"https:\/\/www.alpha-passoni.de\/wp-content\/uploads\/2023\/11\/alphasys_laptop.jpg\" class=\"attachment-full size-full wp-image-5732\" alt=\"\" srcset=\"https:\/\/www.alpha-passoni.de\/wp-content\/uploads\/2023\/11\/alphasys_laptop.jpg 800w, https:\/\/www.alpha-passoni.de\/wp-content\/uploads\/2023\/11\/alphasys_laptop-300x200.jpg 300w, https:\/\/www.alpha-passoni.de\/wp-content\/uploads\/2023\/11\/alphasys_laptop-768x512.jpg 768w, https:\/\/www.alpha-passoni.de\/wp-content\/uploads\/2023\/11\/alphasys_laptop-720x480.jpg 720w\" sizes=\"(max-width: 800px) 100vw, 800px\" \/>\t\t\t\t\t\t\t\t\t\t\t\t\t<\/div>\n\t\t\t\t<\/div>\n\t\t\t\t\t<\/div>\n\t\t<\/div>\n\t\t\t\t\t<\/div>\n\t\t<\/section>\n\t\t\t\t<section class=\"elementor-section elementor-top-section elementor-element elementor-element-6ff656e elementor-hidden-desktop elementor-hidden-tablet elementor-hidden-mobile ot-traditional elementor-section-boxed elementor-section-height-default elementor-section-height-default\" data-id=\"6ff656e\" data-element_type=\"section\">\n\t\t\t\t\t\t<div class=\"elementor-container elementor-column-gap-extended\">\n\t\t\t\t\t<div class=\"elementor-column elementor-col-50 elementor-top-column elementor-element elementor-element-d605bf0 ot-flex-column-vertical\" data-id=\"d605bf0\" data-element_type=\"column\">\n\t\t\t<div class=\"elementor-widget-wrap elementor-element-populated\">\n\t\t\t\t\t\t<div class=\"elementor-element elementor-element-18be30a elementor-widget elementor-widget-text-editor\" data-id=\"18be30a\" data-element_type=\"widget\" data-widget_type=\"text-editor.default\">\n\t\t\t\t<div class=\"elementor-widget-container\">\n\t\t\t\t\t\t\t<p><img decoding=\"async\" class=\"alignnone size-full wp-image-5481\" style=\"margin-top: -4px;\" src=\"https:\/\/www.alpha-passoni.de\/wp-content\/uploads\/2023\/08\/icon_no_border.png\" alt=\"\" width=\"20\" height=\"20\" \/> Software<\/p>\t\t\t\t\t\t<\/div>\n\t\t\t\t<\/div>\n\t\t\t\t<div class=\"elementor-element elementor-element-c350809 elementor-widget elementor-widget-iheading\" data-id=\"c350809\" data-element_type=\"widget\" data-widget_type=\"iheading.default\">\n\t\t\t\t<div class=\"elementor-widget-container\">\n\t\t\t\t\t<div class=\"ot-heading\">\r\n\t        <h2 class=\"main-heading\">\nDie Software AlphaSYS\u00ae wurde speziell f\u00fcr unsere Kunden entwickelt.\n<\/h2>\t    <\/div>\r\n\t    \t\t<\/div>\n\t\t\t\t<\/div>\n\t\t\t\t<div class=\"elementor-element elementor-element-cfe7bcc elementor-widget elementor-widget-text-editor\" data-id=\"cfe7bcc\" data-element_type=\"widget\" data-widget_type=\"text-editor.default\">\n\t\t\t\t<div class=\"elementor-widget-container\">\n\t\t\t\t\t\t\t<strong>Damit k\u00f6nnen Sie eigenst\u00e4ndig auf einfache Weise geeignete Gestellsysteme entsprechend Ihrer Anforderungen konfigurieren. Probieren Sie es mit unserer AlphaSYS\u00aeWeb Version einmal selbst aus.<\/strong>\t\t\t\t\t\t<\/div>\n\t\t\t\t<\/div>\n\t\t\t\t<div class=\"elementor-element elementor-element-e349980 elementor-widget elementor-widget-text-editor\" data-id=\"e349980\" data-element_type=\"widget\" data-widget_type=\"text-editor.default\">\n\t\t\t\t<div class=\"elementor-widget-container\">\n\t\t\t\t\t\t\t<p>W\u00e4hlen Sie zun\u00e4chst einen Batteriehersteller und den gew\u00fcnschten Batterietyp aus. Nach der Angabe der Elementanzahl wird Ihnen eine Auswahl m\u00f6glicher Gestelle aus unserer Produktpalette (Standard, Erdbeben, mit Bodenabstand oder verkleidet) angezeigt. Jedes Gestell wird anhand der Batteriedaten, die auch manuell eingegeben werden k\u00f6nnen, kalkuliert. Dar\u00fcber hinaus bietet Ihnen das Programm neben verschiedenen Zeichnungen auch eine Zubeh\u00f6rliste sowie umfangreiche technische Daten zu dem ausgew\u00e4hlten Gestell an.<\/p><p>Seit der AlphaSYS\u00ae Version 6 k\u00f6nnen Sie sich die Software auch auf unserer Homepage herunterladen. Bitte treten sie dazu mit uns in <a href=\"\/de\/service\/\">Kontakt<\/a>.<\/p>\t\t\t\t\t\t<\/div>\n\t\t\t\t<\/div>\n\t\t\t\t<div class=\"elementor-element elementor-element-69e59d9 elementor-widget elementor-widget-text-editor\" data-id=\"69e59d9\" data-element_type=\"widget\" data-widget_type=\"text-editor.default\">\n\t\t\t\t<div class=\"elementor-widget-container\">\n\t\t\t\t\t\t\t\r\n    <div>        \r\n    <video id=\"plyr69e200478712a\" controls class=\"easy-video-player\">\r\n       <source src=\"\/wp-content\/uploads\/2024\/06\/demo_alphasys.mp4\" type=\"video\/mp4\" \/>\r\n    <\/video>\r\n    <\/div>    <script>\r\n        const evplayerplyr69e200478712a = new Plyr(document.getElementById('plyr69e200478712a'));\r\n        evplayerplyr69e200478712a.ratio = '16:9';\r\n        evplayerplyr69e200478712a.iconUrl = 'https:\/\/www.alpha-passoni.de\/wp-content\/plugins\/easy-video-player\/lib\/plyr.svg';\r\n        evplayerplyr69e200478712a.blankVideo = 'https:\/\/www.alpha-passoni.de\/wp-content\/plugins\/easy-video-player\/lib\/blank.mp4';  \r\n    <\/script>\t\t\t\t\t\t<\/div>\n\t\t\t\t<\/div>\n\t\t\t\t\t<\/div>\n\t\t<\/div>\n\t\t\t\t<div class=\"elementor-column elementor-col-50 elementor-top-column elementor-element elementor-element-8b0b6bb ot-flex-column-vertical\" data-id=\"8b0b6bb\" data-element_type=\"column\" data-settings=\"{&quot;background_background&quot;:&quot;classic&quot;}\">\n\t\t\t<div class=\"elementor-widget-wrap elementor-element-populated\">\n\t\t\t\t\t\t<div class=\"elementor-element elementor-element-7272d74 elementor-widget elementor-widget-heading\" data-id=\"7272d74\" data-element_type=\"widget\" data-widget_type=\"heading.default\">\n\t\t\t\t<div class=\"elementor-widget-container\">\n\t\t\t<h5 class=\"elementor-heading-title elementor-size-default\">\/\/ AlphaSYS\u00aeWeb Login<\/h5>\t\t<\/div>\n\t\t\t\t<\/div>\n\t\t\t\t<div class=\"elementor-element elementor-element-be83d30 elementor-widget elementor-widget-ibutton\" data-id=\"be83d30\" data-element_type=\"widget\" data-widget_type=\"ibutton.default\">\n\t\t\t\t<div class=\"elementor-widget-container\">\n\t\t\t\t\t<div class=\"ot-button\">\r\n\t\t\t<a href=\"\/customer-login\/\" class=\"btn-details\"><i class=\"flaticon-right-arrow-1\"><\/i> KUNDEN LOGIN<\/a>\r\n\t    <\/div>\r\n\t    \t\t<\/div>\n\t\t\t\t<\/div>\n\t\t\t\t<div class=\"elementor-element elementor-element-20a9a3e elementor-widget elementor-widget-spacer\" data-id=\"20a9a3e\" data-element_type=\"widget\" data-widget_type=\"spacer.default\">\n\t\t\t\t<div class=\"elementor-widget-container\">\n\t\t\t\t\t<div class=\"elementor-spacer\">\n\t\t\t<div class=\"elementor-spacer-inner\"><\/div>\n\t\t<\/div>\n\t\t\t\t<\/div>\n\t\t\t\t<\/div>\n\t\t\t\t<div class=\"elementor-element elementor-element-e0b8f06 elementor-widget elementor-widget-heading\" data-id=\"e0b8f06\" data-element_type=\"widget\" data-widget_type=\"heading.default\">\n\t\t\t\t<div class=\"elementor-widget-container\">\n\t\t\t<h5 class=\"elementor-heading-title elementor-size-default\">\/\/ Neue AlphaSYS\u00ae- Version installieren<\/h5>\t\t<\/div>\n\t\t\t\t<\/div>\n\t\t\t\t<div class=\"elementor-element elementor-element-923f9ab elementor-widget elementor-widget-text-editor\" data-id=\"923f9ab\" data-element_type=\"widget\" data-widget_type=\"text-editor.default\">\n\t\t\t\t<div class=\"elementor-widget-container\">\n\t\t\t\t\t\t\t<p>Die neue Version unserer Software AlphaSYS\u00ae 7.6 steht Ihnen jetzt zur Verf\u00fcgung.<\/p>\t\t\t\t\t\t<\/div>\n\t\t\t\t<\/div>\n\t\t\t\t<div class=\"elementor-element elementor-element-e41fa77 elementor-widget elementor-widget-ibutton\" data-id=\"e41fa77\" data-element_type=\"widget\" data-widget_type=\"ibutton.default\">\n\t\t\t\t<div class=\"elementor-widget-container\">\n\t\t\t\t\t<div class=\"ot-button\">\r\n\t\t\t<a href=\"\/wp-content\/uploads\/AlphaSYS_Installation-Guide_76.pdf\" class=\"btn-details\"><i class=\"flaticon-right-arrow-1\"><\/i> Installationshinweise (PDF-Download)<\/a>\r\n\t    <\/div>\r\n\t    \t\t<\/div>\n\t\t\t\t<\/div>\n\t\t\t\t<div class=\"elementor-element elementor-element-ae11d32 elementor-widget elementor-widget-spacer\" data-id=\"ae11d32\" data-element_type=\"widget\" data-widget_type=\"spacer.default\">\n\t\t\t\t<div class=\"elementor-widget-container\">\n\t\t\t\t\t<div class=\"elementor-spacer\">\n\t\t\t<div class=\"elementor-spacer-inner\"><\/div>\n\t\t<\/div>\n\t\t\t\t<\/div>\n\t\t\t\t<\/div>\n\t\t\t\t<div class=\"elementor-element elementor-element-8ccd354 elementor-widget elementor-widget-heading\" data-id=\"8ccd354\" data-element_type=\"widget\" data-widget_type=\"heading.default\">\n\t\t\t\t<div class=\"elementor-widget-container\">\n\t\t\t<h5 class=\"elementor-heading-title elementor-size-default\">\/\/ Demoversion<\/h5>\t\t<\/div>\n\t\t\t\t<\/div>\n\t\t\t\t<div class=\"elementor-element elementor-element-6cee8d3 elementor-widget elementor-widget-text-editor\" data-id=\"6cee8d3\" data-element_type=\"widget\" data-widget_type=\"text-editor.default\">\n\t\t\t\t<div class=\"elementor-widget-container\">\n\t\t\t\t\t\t\t<p>AlphaSYS\u00ae Web online abrufbar. Probieren Sie unsere Demoversion aus: AlphaSYS\u00aeWeb Version<\/p>\t\t\t\t\t\t<\/div>\n\t\t\t\t<\/div>\n\t\t\t\t<div class=\"elementor-element elementor-element-799022a elementor-widget elementor-widget-ibutton\" data-id=\"799022a\" data-element_type=\"widget\" data-widget_type=\"ibutton.default\">\n\t\t\t\t<div class=\"elementor-widget-container\">\n\t\t\t\t\t<div class=\"ot-button\">\r\n\t\t\t<a href=\"https:\/\/www.alpha-passoni.de\/alphasysweb-demo\/\" class=\"octf-btn octf-btn-primary\">AlphaSYS\u00ae Web Demo<\/a>\r\n\t    <\/div>\r\n\t    \t\t<\/div>\n\t\t\t\t<\/div>\n\t\t\t\t<div class=\"elementor-element elementor-element-738d809 elementor-widget elementor-widget-spacer\" data-id=\"738d809\" data-element_type=\"widget\" data-widget_type=\"spacer.default\">\n\t\t\t\t<div class=\"elementor-widget-container\">\n\t\t\t\t\t<div class=\"elementor-spacer\">\n\t\t\t<div class=\"elementor-spacer-inner\"><\/div>\n\t\t<\/div>\n\t\t\t\t<\/div>\n\t\t\t\t<\/div>\n\t\t\t\t<div class=\"elementor-element elementor-element-a806de9 elementor-widget elementor-widget-image\" data-id=\"a806de9\" data-element_type=\"widget\" data-widget_type=\"image.default\">\n\t\t\t\t<div class=\"elementor-widget-container\">\n\t\t\t\t\t\t\t\t\t\t\t\t\t<img fetchpriority=\"high\" decoding=\"async\" width=\"800\" height=\"533\" src=\"https:\/\/www.alpha-passoni.de\/wp-content\/uploads\/2023\/11\/alphasys_laptop.jpg\" class=\"attachment-full size-full wp-image-5732\" alt=\"\" srcset=\"https:\/\/www.alpha-passoni.de\/wp-content\/uploads\/2023\/11\/alphasys_laptop.jpg 800w, https:\/\/www.alpha-passoni.de\/wp-content\/uploads\/2023\/11\/alphasys_laptop-300x200.jpg 300w, https:\/\/www.alpha-passoni.de\/wp-content\/uploads\/2023\/11\/alphasys_laptop-768x512.jpg 768w, https:\/\/www.alpha-passoni.de\/wp-content\/uploads\/2023\/11\/alphasys_laptop-720x480.jpg 720w\" sizes=\"(max-width: 800px) 100vw, 800px\" \/>\t\t\t\t\t\t\t\t\t\t\t\t\t<\/div>\n\t\t\t\t<\/div>\n\t\t\t\t\t<\/div>\n\t\t<\/div>\n\t\t\t\t\t<\/div>\n\t\t<\/section>\n\t\t\t\t<\/div>\n\t\t","protected":false},"excerpt":{"rendered":"<p>Software Die Software AlphaSYS\u00ae wurde speziell f\u00fcr unsere Kunden entwickelt. Damit k\u00f6nnen Sie eigenst\u00e4ndig auf einfache Weise geeignete Gestellsysteme entsprechend Ihrer Anforderungen konfigurieren. Probieren Sie es mit unserer AlphaSYS\u00aeWeb Version einmal selbst aus. W\u00e4hlen Sie zun\u00e4chst einen Batteriehersteller und den gew\u00fcnschten Batterietyp aus. Nach der Angabe der Elementanzahl wird Ihnen eine Auswahl m\u00f6glicher Gestelle aus [&hellip;]<\/p>\n","protected":false},"author":1,"featured_media":0,"parent":0,"menu_order":0,"comment_status":"closed","ping_status":"closed","template":"","meta":{"footnotes":""},"class_list":["post-5041","page","type-page","status-publish","hentry"],"aioseo_notices":[],"_links":{"self":[{"href":"https:\/\/www.alpha-passoni.de\/de\/wp-json\/wp\/v2\/pages\/5041"}],"collection":[{"href":"https:\/\/www.alpha-passoni.de\/de\/wp-json\/wp\/v2\/pages"}],"about":[{"href":"https:\/\/www.alpha-passoni.de\/de\/wp-json\/wp\/v2\/types\/page"}],"author":[{"embeddable":true,"href":"https:\/\/www.alpha-passoni.de\/de\/wp-json\/wp\/v2\/users\/1"}],"replies":[{"embeddable":true,"href":"https:\/\/www.alpha-passoni.de\/de\/wp-json\/wp\/v2\/comments?post=5041"}],"version-history":[{"count":0,"href":"https:\/\/www.alpha-passoni.de\/de\/wp-json\/wp\/v2\/pages\/5041\/revisions"}],"wp:attachment":[{"href":"https:\/\/www.alpha-passoni.de\/de\/wp-json\/wp\/v2\/media?parent=5041"}],"curies":[{"name":"wp","href":"https:\/\/api.w.org\/{rel}","templated":true}]}}