{"id":5049,"date":"2023-07-07T15:12:24","date_gmt":"2023-07-07T15:12:24","guid":{"rendered":"https:\/\/www.alpha-passoni.de\/?page_id=5049"},"modified":"2024-07-08T16:02:38","modified_gmt":"2024-07-08T16:02:38","slug":"troege","status":"publish","type":"page","link":"https:\/\/www.alpha-passoni.de\/de\/troege\/","title":{"rendered":"Tr\u00f6ge"},"content":{"rendered":"\t\t<div data-elementor-type=\"wp-page\" data-elementor-id=\"5049\" class=\"elementor elementor-5049\" data-elementor-post-type=\"page\">\n\t\t\t\t\t\t<section class=\"elementor-section elementor-top-section elementor-element elementor-element-4c5ca839 ot-traditional elementor-section-boxed elementor-section-height-default elementor-section-height-default\" data-id=\"4c5ca839\" data-element_type=\"section\">\n\t\t\t\t\t\t<div class=\"elementor-container elementor-column-gap-default\">\n\t\t\t\t\t<div class=\"elementor-column elementor-col-100 elementor-top-column elementor-element elementor-element-5d45866f ot-flex-column-vertical\" data-id=\"5d45866f\" data-element_type=\"column\">\n\t\t\t<div class=\"elementor-widget-wrap elementor-element-populated\">\n\t\t\t\t\t\t<div class=\"elementor-element elementor-element-1cd58e34 elementor-widget elementor-widget-text-editor\" data-id=\"1cd58e34\" data-element_type=\"widget\" data-widget_type=\"text-editor.default\">\n\t\t\t\t<div class=\"elementor-widget-container\">\n\t\t\t<style>\/*! elementor - v3.23.0 - 05-08-2024 *\/\n.elementor-widget-text-editor.elementor-drop-cap-view-stacked .elementor-drop-cap{background-color:#69727d;color:#fff}.elementor-widget-text-editor.elementor-drop-cap-view-framed .elementor-drop-cap{color:#69727d;border:3px solid;background-color:transparent}.elementor-widget-text-editor:not(.elementor-drop-cap-view-default) .elementor-drop-cap{margin-top:8px}.elementor-widget-text-editor:not(.elementor-drop-cap-view-default) .elementor-drop-cap-letter{width:1em;height:1em}.elementor-widget-text-editor .elementor-drop-cap{float:left;text-align:center;line-height:1;font-size:50px}.elementor-widget-text-editor .elementor-drop-cap-letter{display:inline-block}<\/style>\t\t\t\t<img decoding=\"async\" style=\"margin-top:-4px;\" class=\"alignnone size-full wp-image-5481\" src=\"https:\/\/www.alpha-passoni.de\/wp-content\/uploads\/2023\/08\/icon_no_border.png\" alt=\"\" width=\"20\" height=\"20\" \/> Produkte\t\t\t\t\t\t<\/div>\n\t\t\t\t<\/div>\n\t\t\t\t<div class=\"elementor-element elementor-element-71ab1b2e elementor-widget elementor-widget-iheading\" data-id=\"71ab1b2e\" data-element_type=\"widget\" data-widget_type=\"iheading.default\">\n\t\t\t\t<div class=\"elementor-widget-container\">\n\t\t\t\t\t<div class=\"ot-heading\">\r\n\t        <h2 class=\"main-heading\">Tr\u00f6ge<\/h2>\t    <\/div>\r\n\t    \t\t<\/div>\n\t\t\t\t<\/div>\n\t\t\t\t<div class=\"elementor-element elementor-element-1d8e188e elementor-widget elementor-widget-text-editor\" data-id=\"1d8e188e\" data-element_type=\"widget\" data-widget_type=\"text-editor.default\">\n\t\t\t\t<div class=\"elementor-widget-container\">\n\t\t\t\t\t\t\t<p>Unsere Tr\u00f6ge f\u00fcr Traktionsbatterien zur Anwendung in F\u00f6rderzeugen, Reinigungsmaschinen und Hubarbeitsb\u00fchnen etc.<\/p>\t\t\t\t\t\t<\/div>\n\t\t\t\t<\/div>\n\t\t\t\t<div class=\"elementor-element elementor-element-a290afb elementor-widget elementor-widget-text-editor\" data-id=\"a290afb\" data-element_type=\"widget\" data-widget_type=\"text-editor.default\">\n\t\t\t\t<div class=\"elementor-widget-container\">\n\t\t\t\t\t\t\t<p>Wir bieten kunststoffbeschichtete Stahltr\u00f6ge sowie Kunststofftr\u00f6ge in verschiedenen Ausf\u00fchrungen an:<\/p><ul><li>DIN Standardausf\u00fchrung<\/li><li>Sondertr\u00f6ge<\/li><\/ul>\t\t\t\t\t\t<\/div>\n\t\t\t\t<\/div>\n\t\t\t\t\t<\/div>\n\t\t<\/div>\n\t\t\t\t\t<\/div>\n\t\t<\/section>\n\t\t\t\t<section class=\"elementor-section elementor-top-section elementor-element elementor-element-768691fe ot-traditional elementor-section-boxed elementor-section-height-default elementor-section-height-default\" data-id=\"768691fe\" data-element_type=\"section\">\n\t\t\t\t\t\t<div class=\"elementor-container elementor-column-gap-default\">\n\t\t\t\t\t<div class=\"elementor-column elementor-col-100 elementor-top-column elementor-element elementor-element-1222b91d ot-flex-column-vertical\" data-id=\"1222b91d\" data-element_type=\"column\">\n\t\t\t<div class=\"elementor-widget-wrap elementor-element-populated\">\n\t\t\t\t\t\t<section class=\"elementor-section elementor-inner-section elementor-element elementor-element-7a6c158 elementor-section-full_width ot-traditional elementor-section-height-default elementor-section-height-default elementor-invisible\" data-id=\"7a6c158\" data-element_type=\"section\" data-settings=\"{&quot;animation&quot;:&quot;fadeInDown&quot;}\">\n\t\t\t\t\t\t<div class=\"elementor-container elementor-column-gap-default\">\n\t\t\t\t\t<div class=\"elementor-column elementor-col-25 elementor-inner-column elementor-element elementor-element-3078eee ot-flex-column-vertical\" data-id=\"3078eee\" data-element_type=\"column\">\n\t\t\t<div class=\"elementor-widget-wrap elementor-element-populated\">\n\t\t\t\t\t\t<div class=\"elementor-element elementor-element-70768de elementor-widget elementor-widget-image\" data-id=\"70768de\" data-element_type=\"widget\" data-widget_type=\"image.default\">\n\t\t\t\t<div class=\"elementor-widget-container\">\n\t\t\t<style>\/*! elementor - v3.23.0 - 05-08-2024 *\/\n.elementor-widget-image{text-align:center}.elementor-widget-image a{display:inline-block}.elementor-widget-image a img[src$=\".svg\"]{width:48px}.elementor-widget-image img{vertical-align:middle;display:inline-block}<\/style>\t\t\t\t\t\t\t\t\t\t\t<a href=\"https:\/\/www.alpha-passoni.de\/wp-content\/uploads\/2024\/07\/trays.jpg\" data-elementor-open-lightbox=\"yes\" data-elementor-lightbox-title=\"trays.jpg\" data-e-action-hash=\"#elementor-action%3Aaction%3Dlightbox%26settings%3DeyJpZCI6ODA4NywidXJsIjoiaHR0cHM6XC9cL3d3dy5hbHBoYS1wYXNzb25pLmRlXC93cC1jb250ZW50XC91cGxvYWRzXC8yMDI0XC8wN1wvdHJheXMuanBnIn0%3D\">\n\t\t\t\t\t\t\t<img fetchpriority=\"high\" decoding=\"async\" width=\"800\" height=\"600\" src=\"https:\/\/www.alpha-passoni.de\/wp-content\/uploads\/2024\/07\/trays.jpg\" class=\"attachment-large size-large wp-image-8087\" alt=\"\" srcset=\"https:\/\/www.alpha-passoni.de\/wp-content\/uploads\/2024\/07\/trays.jpg 800w, https:\/\/www.alpha-passoni.de\/wp-content\/uploads\/2024\/07\/trays-300x225.jpg 300w, https:\/\/www.alpha-passoni.de\/wp-content\/uploads\/2024\/07\/trays-768x576.jpg 768w, https:\/\/www.alpha-passoni.de\/wp-content\/uploads\/2024\/07\/trays-720x540.jpg 720w\" sizes=\"(max-width: 800px) 100vw, 800px\" \/>\t\t\t\t\t\t\t\t<\/a>\n\t\t\t\t\t\t\t\t\t\t\t\t\t<\/div>\n\t\t\t\t<\/div>\n\t\t\t\t\t<\/div>\n\t\t<\/div>\n\t\t\t\t<div class=\"elementor-column elementor-col-25 elementor-inner-column elementor-element elementor-element-ac3f55f ot-flex-column-vertical\" data-id=\"ac3f55f\" data-element_type=\"column\">\n\t\t\t<div class=\"elementor-widget-wrap elementor-element-populated\">\n\t\t\t\t\t\t<div class=\"elementor-element elementor-element-2b08126 elementor-widget elementor-widget-image\" data-id=\"2b08126\" data-element_type=\"widget\" data-widget_type=\"image.default\">\n\t\t\t\t<div class=\"elementor-widget-container\">\n\t\t\t\t\t\t\t\t\t\t\t\t\t\t<a href=\"https:\/\/www.alpha-passoni.de\/wp-content\/uploads\/2024\/07\/tray_passoni_l_03-1.jpg\" data-elementor-open-lightbox=\"yes\" data-elementor-lightbox-title=\"tray_passoni_l_03.jpg\" data-e-action-hash=\"#elementor-action%3Aaction%3Dlightbox%26settings%3DeyJpZCI6ODA5MSwidXJsIjoiaHR0cHM6XC9cL3d3dy5hbHBoYS1wYXNzb25pLmRlXC93cC1jb250ZW50XC91cGxvYWRzXC8yMDI0XC8wN1wvdHJheV9wYXNzb25pX2xfMDMtMS5qcGcifQ%3D%3D\">\n\t\t\t\t\t\t\t<img decoding=\"async\" width=\"1000\" height=\"750\" src=\"https:\/\/www.alpha-passoni.de\/wp-content\/uploads\/2024\/07\/tray_passoni_l_03-1.jpg\" class=\"attachment-large size-large wp-image-8091\" alt=\"\" srcset=\"https:\/\/www.alpha-passoni.de\/wp-content\/uploads\/2024\/07\/tray_passoni_l_03-1.jpg 1000w, https:\/\/www.alpha-passoni.de\/wp-content\/uploads\/2024\/07\/tray_passoni_l_03-1-300x225.jpg 300w, https:\/\/www.alpha-passoni.de\/wp-content\/uploads\/2024\/07\/tray_passoni_l_03-1-768x576.jpg 768w, https:\/\/www.alpha-passoni.de\/wp-content\/uploads\/2024\/07\/tray_passoni_l_03-1-720x540.jpg 720w\" sizes=\"(max-width: 1000px) 100vw, 1000px\" \/>\t\t\t\t\t\t\t\t<\/a>\n\t\t\t\t\t\t\t\t\t\t\t\t\t<\/div>\n\t\t\t\t<\/div>\n\t\t\t\t\t<\/div>\n\t\t<\/div>\n\t\t\t\t<div class=\"elementor-column elementor-col-25 elementor-inner-column elementor-element elementor-element-7c6333a ot-flex-column-vertical\" data-id=\"7c6333a\" data-element_type=\"column\">\n\t\t\t<div class=\"elementor-widget-wrap elementor-element-populated\">\n\t\t\t\t\t\t<div class=\"elementor-element elementor-element-0bc9428 elementor-widget elementor-widget-image\" data-id=\"0bc9428\" data-element_type=\"widget\" data-widget_type=\"image.default\">\n\t\t\t\t<div class=\"elementor-widget-container\">\n\t\t\t\t\t\t\t\t\t\t\t\t\t\t<a href=\"https:\/\/www.alpha-passoni.de\/wp-content\/uploads\/2024\/07\/passoni_m_quadrat_04-1-1-1.jpg\" data-elementor-open-lightbox=\"yes\" data-elementor-lightbox-title=\"passoni_m_quadrat_04-1-1.jpg\" data-e-action-hash=\"#elementor-action%3Aaction%3Dlightbox%26settings%3DeyJpZCI6ODA5NSwidXJsIjoiaHR0cHM6XC9cL3d3dy5hbHBoYS1wYXNzb25pLmRlXC93cC1jb250ZW50XC91cGxvYWRzXC8yMDI0XC8wN1wvcGFzc29uaV9tX3F1YWRyYXRfMDQtMS0xLTEuanBnIn0%3D\">\n\t\t\t\t\t\t\t<img loading=\"lazy\" decoding=\"async\" width=\"1000\" height=\"750\" src=\"https:\/\/www.alpha-passoni.de\/wp-content\/uploads\/2024\/07\/passoni_m_quadrat_04-1-1-1.jpg\" class=\"attachment-large size-large wp-image-8095\" alt=\"\" srcset=\"https:\/\/www.alpha-passoni.de\/wp-content\/uploads\/2024\/07\/passoni_m_quadrat_04-1-1-1.jpg 1000w, https:\/\/www.alpha-passoni.de\/wp-content\/uploads\/2024\/07\/passoni_m_quadrat_04-1-1-1-300x225.jpg 300w, https:\/\/www.alpha-passoni.de\/wp-content\/uploads\/2024\/07\/passoni_m_quadrat_04-1-1-1-768x576.jpg 768w, https:\/\/www.alpha-passoni.de\/wp-content\/uploads\/2024\/07\/passoni_m_quadrat_04-1-1-1-720x540.jpg 720w\" sizes=\"(max-width: 1000px) 100vw, 1000px\" \/>\t\t\t\t\t\t\t\t<\/a>\n\t\t\t\t\t\t\t\t\t\t\t\t\t<\/div>\n\t\t\t\t<\/div>\n\t\t\t\t\t<\/div>\n\t\t<\/div>\n\t\t\t\t<div class=\"elementor-column elementor-col-25 elementor-inner-column elementor-element elementor-element-6686e31 ot-flex-column-vertical\" data-id=\"6686e31\" data-element_type=\"column\">\n\t\t\t<div class=\"elementor-widget-wrap elementor-element-populated\">\n\t\t\t\t\t\t<div class=\"elementor-element elementor-element-1b65158 elementor-widget elementor-widget-image\" data-id=\"1b65158\" data-element_type=\"widget\" data-widget_type=\"image.default\">\n\t\t\t\t<div class=\"elementor-widget-container\">\n\t\t\t\t\t\t\t\t\t\t\t\t\t\t<a href=\"https:\/\/www.alpha-passoni.de\/wp-content\/uploads\/2024\/07\/company_copai01-1-1.jpg\" data-elementor-open-lightbox=\"yes\" data-elementor-lightbox-title=\"company_copai01-1.jpg\" data-e-action-hash=\"#elementor-action%3Aaction%3Dlightbox%26settings%3DeyJpZCI6ODA5OSwidXJsIjoiaHR0cHM6XC9cL3d3dy5hbHBoYS1wYXNzb25pLmRlXC93cC1jb250ZW50XC91cGxvYWRzXC8yMDI0XC8wN1wvY29tcGFueV9jb3BhaTAxLTEtMS5qcGcifQ%3D%3D\">\n\t\t\t\t\t\t\t<img loading=\"lazy\" decoding=\"async\" width=\"1000\" height=\"750\" src=\"https:\/\/www.alpha-passoni.de\/wp-content\/uploads\/2024\/07\/company_copai01-1-1.jpg\" class=\"attachment-large size-large wp-image-8099\" alt=\"\" srcset=\"https:\/\/www.alpha-passoni.de\/wp-content\/uploads\/2024\/07\/company_copai01-1-1.jpg 1000w, https:\/\/www.alpha-passoni.de\/wp-content\/uploads\/2024\/07\/company_copai01-1-1-300x225.jpg 300w, https:\/\/www.alpha-passoni.de\/wp-content\/uploads\/2024\/07\/company_copai01-1-1-768x576.jpg 768w, https:\/\/www.alpha-passoni.de\/wp-content\/uploads\/2024\/07\/company_copai01-1-1-720x540.jpg 720w\" sizes=\"(max-width: 1000px) 100vw, 1000px\" \/>\t\t\t\t\t\t\t\t<\/a>\n\t\t\t\t\t\t\t\t\t\t\t\t\t<\/div>\n\t\t\t\t<\/div>\n\t\t\t\t\t<\/div>\n\t\t<\/div>\n\t\t\t\t\t<\/div>\n\t\t<\/section>\n\t\t\t\t\t<\/div>\n\t\t<\/div>\n\t\t\t\t\t<\/div>\n\t\t<\/section>\n\t\t\t\t<\/div>\n\t\t","protected":false},"excerpt":{"rendered":"<p>Produkte Tr\u00f6ge Unsere Tr\u00f6ge f\u00fcr Traktionsbatterien zur Anwendung in F\u00f6rderzeugen, Reinigungsmaschinen und Hubarbeitsb\u00fchnen etc. Wir bieten kunststoffbeschichtete Stahltr\u00f6ge sowie Kunststofftr\u00f6ge in verschiedenen Ausf\u00fchrungen an: DIN Standardausf\u00fchrung Sondertr\u00f6ge<\/p>\n","protected":false},"author":1,"featured_media":0,"parent":0,"menu_order":0,"comment_status":"closed","ping_status":"closed","template":"","meta":{"footnotes":""},"class_list":["post-5049","page","type-page","status-publish","hentry"],"aioseo_notices":[],"_links":{"self":[{"href":"https:\/\/www.alpha-passoni.de\/de\/wp-json\/wp\/v2\/pages\/5049"}],"collection":[{"href":"https:\/\/www.alpha-passoni.de\/de\/wp-json\/wp\/v2\/pages"}],"about":[{"href":"https:\/\/www.alpha-passoni.de\/de\/wp-json\/wp\/v2\/types\/page"}],"author":[{"embeddable":true,"href":"https:\/\/www.alpha-passoni.de\/de\/wp-json\/wp\/v2\/users\/1"}],"replies":[{"embeddable":true,"href":"https:\/\/www.alpha-passoni.de\/de\/wp-json\/wp\/v2\/comments?post=5049"}],"version-history":[{"count":0,"href":"https:\/\/www.alpha-passoni.de\/de\/wp-json\/wp\/v2\/pages\/5049\/revisions"}],"wp:attachment":[{"href":"https:\/\/www.alpha-passoni.de\/de\/wp-json\/wp\/v2\/media?parent=5049"}],"curies":[{"name":"wp","href":"https:\/\/api.w.org\/{rel}","templated":true}]}}